{"id":65,"date":"2024-09-22T20:57:03","date_gmt":"2024-09-22T20:57:03","guid":{"rendered":"https:\/\/holawa.de\/?page_id=65"},"modified":"2026-04-07T20:04:23","modified_gmt":"2026-04-07T20:04:23","slug":"reading-mit-mario","status":"publish","type":"page","link":"https:\/\/holawa.de\/?page_id=65","title":{"rendered":"Reading (Mario)"},"content":{"rendered":"\n<h2 class=\"wp-block-heading has-text-align-center\">Reading (Mario)<\/h2>\n\n\n\n<p>Die Kunst eines Readings ist nicht, die Energien der Aura oder Chakren wahrzunehmen, sondern diese Wahrnehmung in einen f\u00fcr die betreffende Person entsprechenden Kontext zu bringen. Hier liegt auch das gr\u00f6\u00dfte Fehlerpotenzial. Jeder Mensch kann zu einem gewissen Grad die Aura in der einen oder anderen Art und Weise wahrnehmen. Sie zu lesen ist bereits schwieriger, dies bedarf der kontinuierlichen \u00dcbung. Die Lesung in eine Sprache zu \u00fcbersetzen, die der Betreffende versteht, braucht auch ein Verst\u00e4ndnis der gr\u00f6\u00dferen Zusammenh\u00e4nge und ein Wissen um die Person. Deshalb verbinden sich bei mir Reading und Channeling immer zu einem gewissen Grad.<\/p>\n\n\n\n<p>Trotzdem bleibt es wichtig, dass du \u00fcberpr\u00fcfst und eigene Schl\u00fcsse aus dem Gesagten ziehst und nicht alles zu genau nimmst. Ich gebe keine Anleitung, nur Hinweise und die Verantwortung bleibt immer bei dir. Deshalb erf\u00e4hrst du in einem Reading nicht nur meine Interpretationen, sondern erf\u00e4hrst auch ungefiltert, was ich wahrnehme, so kannst du immer eigene R\u00fcckschl\u00fcsse ziehen.<\/p>\n\n\n\n<p>M\u00f6glichkeit 1: <strong>Reading der Aura und der Chakren<\/strong><\/p>\n\n\n\n<p>Bei diesem Reading lese ich deine Aura und die ersten 6 Chakren (Wurzelchakra \u2013 Stirnchakra). Warum nur diese 6? Weil das 7. Chakra (Kronenchakra) nicht zum physischen Menschsein geh\u00f6rt und eher dem Seelischen zugeordnet ist und daher nicht mit der Physis interagiert. Wenn du Fragen zu deinem jetzigen Leben hast, ist dies vollkommen ausreichend.<\/p>\n\n\n\n<p>Kosten: \u20ac 100,-<\/p>\n\n\n\n<p>M\u00f6glichkeit 2: <strong>Reading der Akasha Chronik<\/strong><\/p>\n\n\n\n<p>Die Akasha Chronik ist wie eine Art Bibliothek, in der deine gesamten seelischen Erfahrungen gespeichert sind. Die Akasha-Chronik ist die 7. Schicht der Aura, welche direkt mit dem 7. Chakra verbunden ist. Dieser Bereich der Aura und das Kronenchakra sind seelisch und l\u00f6sen sich nach deinem physischen Tod nicht auf wie alle anderen Chakren und Auraschichten. W\u00e4hrend des Sterbeprozesses werden deine ganzen Lebenserfahrungen in die 7. Schicht transferiert und abgespeichert. Die 7. Schicht ist die feinstofflichste und k\u00f6rperfernste Schicht und daher auch am schwierigsten zu lesen. Wenn du Fragen zu vergangenen Leben oder einen seelischen Bezug hast, sind hier die Antworten zu finden.<\/p>\n\n\n\n<p>Kosten: \u20ac 100,-<\/p>\n\n\n\n<p>M\u00f6glichkeit 3: <strong>eine Verbindung von M\u00f6glichkeit 1 und 2<\/strong><\/p>\n\n\n\n<p>Kosten: \u20ac 150,-<\/p>\n\n\n\n<p>Ich ben\u00f6tige in jedem Fall deinen Namen, dein Geburtsdatum und 2 Fotos (Ganzk\u00f6rper und Portrait, wichtig sind hier deine Augen)&nbsp;von dir. Und nat\u00fcrlich deine Fragen. Falls du dir mit der Formulierung der Fragen unsicher bist, kannst du Susanne kontaktieren. Sie kann dich bei der konkreten Ausformulierung unterst\u00fctzen.<\/p>\n\n\n\n<p><\/p>\n","protected":false},"excerpt":{"rendered":"<p>Reading (Mario) Die Kunst eines Readings ist nicht, die Energien der Aura oder Chakren wahrzunehmen, sondern diese Wahrnehmung in einen [&hellip;]<\/p>\n","protected":false},"author":1,"featured_media":0,"parent":0,"menu_order":0,"comment_status":"closed","ping_status":"closed","template":"","meta":{"site-sidebar-layout":"default","site-content-layout":"","ast-site-content-layout":"default","site-content-style":"default","site-sidebar-style":"default","ast-global-header-display":"","ast-banner-title-visibility":"","ast-main-header-display":"","ast-hfb-above-header-display":"","ast-hfb-below-header-display":"","ast-hfb-mobile-header-display":"","site-post-title":"","ast-breadcrumbs-content":"","ast-featured-img":"","footer-sml-layout":"","ast-disable-related-posts":"","theme-transparent-header-meta":"","adv-header-id-meta":"","stick-header-meta":"","header-above-stick-meta":"","header-main-stick-meta":"","header-below-stick-meta":"","astra-migrate-meta-layouts":"default","ast-page-background-enabled":"default","ast-page-background-meta":{"desktop":{"background-color":"var(--ast-global-color-4)","background-image":"","background-repeat":"repeat","background-position":"center center","background-size":"auto","background-attachment":"scroll","background-type":"","background-media":"","overlay-type":"","overlay-color":"","overlay-opacity":"","overlay-gradient":""},"tablet":{"background-color":"","background-image":"","background-repeat":"repeat","background-position":"center center","background-size":"auto","background-attachment":"scroll","background-type":"","background-media":"","overlay-type":"","overlay-color":"","overlay-opacity":"","overlay-gradient":""},"mobile":{"background-color":"","background-image":"","background-repeat":"repeat","background-position":"center center","background-size":"auto","background-attachment":"scroll","background-type":"","background-media":"","overlay-type":"","overlay-color":"","overlay-opacity":"","overlay-gradient":""}},"ast-content-background-meta":{"desktop":{"background-color":"var(--ast-global-color-5)","background-image":"","background-repeat":"repeat","background-position":"center center","background-size":"auto","background-attachment":"scroll","background-type":"","background-media":"","overlay-type":"","overlay-color":"","overlay-opacity":"","overlay-gradient":""},"tablet":{"background-color":"var(--ast-global-color-5)","background-image":"","background-repeat":"repeat","background-position":"center center","background-size":"auto","background-attachment":"scroll","background-type":"","background-media":"","overlay-type":"","overlay-color":"","overlay-opacity":"","overlay-gradient":""},"mobile":{"background-color":"var(--ast-global-color-5)","background-image":"","background-repeat":"repeat","background-position":"center center","background-size":"auto","background-attachment":"scroll","background-type":"","background-media":"","overlay-type":"","overlay-color":"","overlay-opacity":"","overlay-gradient":""}},"footnotes":""},"class_list":["post-65","page","type-page","status-publish","hentry"],"_links":{"self":[{"href":"https:\/\/holawa.de\/index.php?rest_route=\/wp\/v2\/pages\/65","targetHints":{"allow":["GET"]}}],"collection":[{"href":"https:\/\/holawa.de\/index.php?rest_route=\/wp\/v2\/pages"}],"about":[{"href":"https:\/\/holawa.de\/index.php?rest_route=\/wp\/v2\/types\/page"}],"author":[{"embeddable":true,"href":"https:\/\/holawa.de\/index.php?rest_route=\/wp\/v2\/users\/1"}],"replies":[{"embeddable":true,"href":"https:\/\/holawa.de\/index.php?rest_route=%2Fwp%2Fv2%2Fcomments&post=65"}],"version-history":[{"count":9,"href":"https:\/\/holawa.de\/index.php?rest_route=\/wp\/v2\/pages\/65\/revisions"}],"predecessor-version":[{"id":473,"href":"https:\/\/holawa.de\/index.php?rest_route=\/wp\/v2\/pages\/65\/revisions\/473"}],"wp:attachment":[{"href":"https:\/\/holawa.de\/index.php?rest_route=%2Fwp%2Fv2%2Fmedia&parent=65"}],"curies":[{"name":"wp","href":"https:\/\/api.w.org\/{rel}","templated":true}]}}