{"id":64,"date":"2024-09-22T20:57:03","date_gmt":"2024-09-22T20:57:03","guid":{"rendered":"https:\/\/holawa.de\/?page_id=64"},"modified":"2026-04-07T20:00:02","modified_gmt":"2026-04-07T20:00:02","slug":"online-coaching-mit-susanne","status":"publish","type":"page","link":"https:\/\/holawa.de\/?page_id=64","title":{"rendered":"psychologisches Coaching (Susanne)"},"content":{"rendered":"\n<h2 class=\"wp-block-heading has-text-align-center\">psychologisches Coaching (Susanne)<\/h2>\n\n\n\n<p>An dieser Stelle bedanke ich mich aus ganzem Herzen bei jedem meiner Klienten in Deutschland f\u00fcr das tiefe Vertrauen, das mir w\u00e4hrend unserer Therapiearbeit entgegengebracht wurde, f\u00fcr die tiefen Begegnungen, die \u00d6ffnungen, das Begleitend\u00fcrfen in befreitere Lebensumst\u00e4nde. Denn das war und ist mein Anliegen. Freiheit. All meine Methoden sind darauf ausgelegt, die Masken der Angst zu lockern, so dass sich der wahre, lebendige Mensch angstfrei zeigen kann.<\/p>\n\n\n\n<p>So folge ich nun dem Impuls, mein Wissen und meine langj\u00e4hrige Erfahrung als Coaching anzubieten. Keine Therapie, aber <strong>Zuh\u00f6ren, Sortieren, evtl. den Finger in die Wunde legen, Perspektivwechsel anbieten, Impulse geben. <\/strong><\/p>\n\n\n\n<p><strong>Online <\/strong>und\/oder<strong> live<\/strong>. <\/p>\n\n\n\n<p>Abrechnung im <strong>D-A-CH<\/strong>-Raum<strong> (online)<\/strong>: je 30 Minuten \u20ac 35,-, so lang wie es braucht.<\/p>\n\n\n\n<p>Abrechnung in <strong>Panama<\/strong>: je Sitzungseinheit 1,5 &#8211; 2 Std. $ 75,-<\/p>\n\n\n\n<p><\/p>\n\n\n\n<p><\/p>\n","protected":false},"excerpt":{"rendered":"<p>psychologisches Coaching (Susanne) An dieser Stelle bedanke ich mich aus ganzem Herzen bei jedem meiner Klienten in Deutschland f\u00fcr das [&hellip;]<\/p>\n","protected":false},"author":1,"featured_media":0,"parent":0,"menu_order":0,"comment_status":"closed","ping_status":"closed","template":"","meta":{"site-sidebar-layout":"default","site-content-layout":"","ast-site-content-layout":"default","site-content-style":"default","site-sidebar-style":"default","ast-global-header-display":"","ast-banner-title-visibility":"","ast-main-header-display":"","ast-hfb-above-header-display":"","ast-hfb-below-header-display":"","ast-hfb-mobile-header-display":"","site-post-title":"","ast-breadcrumbs-content":"","ast-featured-img":"","footer-sml-layout":"","ast-disable-related-posts":"","theme-transparent-header-meta":"","adv-header-id-meta":"","stick-header-meta":"","header-above-stick-meta":"","header-main-stick-meta":"","header-below-stick-meta":"","astra-migrate-meta-layouts":"default","ast-page-background-enabled":"default","ast-page-background-meta":{"desktop":{"background-color":"var(--ast-global-color-4)","background-image":"","background-repeat":"repeat","background-position":"center center","background-size":"auto","background-attachment":"scroll","background-type":"","background-media":"","overlay-type":"","overlay-color":"","overlay-opacity":"","overlay-gradient":""},"tablet":{"background-color":"","background-image":"","background-repeat":"repeat","background-position":"center center","background-size":"auto","background-attachment":"scroll","background-type":"","background-media":"","overlay-type":"","overlay-color":"","overlay-opacity":"","overlay-gradient":""},"mobile":{"background-color":"","background-image":"","background-repeat":"repeat","background-position":"center center","background-size":"auto","background-attachment":"scroll","background-type":"","background-media":"","overlay-type":"","overlay-color":"","overlay-opacity":"","overlay-gradient":""}},"ast-content-background-meta":{"desktop":{"background-color":"var(--ast-global-color-5)","background-image":"","background-repeat":"repeat","background-position":"center center","background-size":"auto","background-attachment":"scroll","background-type":"","background-media":"","overlay-type":"","overlay-color":"","overlay-opacity":"","overlay-gradient":""},"tablet":{"background-color":"var(--ast-global-color-5)","background-image":"","background-repeat":"repeat","background-position":"center center","background-size":"auto","background-attachment":"scroll","background-type":"","background-media":"","overlay-type":"","overlay-color":"","overlay-opacity":"","overlay-gradient":""},"mobile":{"background-color":"var(--ast-global-color-5)","background-image":"","background-repeat":"repeat","background-position":"center center","background-size":"auto","background-attachment":"scroll","background-type":"","background-media":"","overlay-type":"","overlay-color":"","overlay-opacity":"","overlay-gradient":""}},"footnotes":""},"class_list":["post-64","page","type-page","status-publish","hentry"],"_links":{"self":[{"href":"https:\/\/holawa.de\/index.php?rest_route=\/wp\/v2\/pages\/64","targetHints":{"allow":["GET"]}}],"collection":[{"href":"https:\/\/holawa.de\/index.php?rest_route=\/wp\/v2\/pages"}],"about":[{"href":"https:\/\/holawa.de\/index.php?rest_route=\/wp\/v2\/types\/page"}],"author":[{"embeddable":true,"href":"https:\/\/holawa.de\/index.php?rest_route=\/wp\/v2\/users\/1"}],"replies":[{"embeddable":true,"href":"https:\/\/holawa.de\/index.php?rest_route=%2Fwp%2Fv2%2Fcomments&post=64"}],"version-history":[{"count":20,"href":"https:\/\/holawa.de\/index.php?rest_route=\/wp\/v2\/pages\/64\/revisions"}],"predecessor-version":[{"id":469,"href":"https:\/\/holawa.de\/index.php?rest_route=\/wp\/v2\/pages\/64\/revisions\/469"}],"wp:attachment":[{"href":"https:\/\/holawa.de\/index.php?rest_route=%2Fwp%2Fv2%2Fmedia&parent=64"}],"curies":[{"name":"wp","href":"https:\/\/api.w.org\/{rel}","templated":true}]}}