{"id":62,"date":"2024-09-22T20:57:03","date_gmt":"2024-09-22T20:57:03","guid":{"rendered":"https:\/\/holawa.de\/?page_id=62"},"modified":"2025-02-01T21:22:17","modified_gmt":"2025-02-01T21:22:17","slug":"dank-bar","status":"publish","type":"page","link":"https:\/\/holawa.de\/?page_id=62","title":{"rendered":"DANK-BAR"},"content":{"rendered":"\n<h2 class=\"wp-block-heading has-text-align-center\">DANK-BAR<\/h2>\n\n\n\n<p>11.11.2023 Auszusteigen macht echt frei. Ich merke jetzt erst, WIE anstrengend es war, im Hamsterrad mitgelaufen zu sein. Wenn ich nicht hier w\u00e4re, h\u00e4tte ich nur davon sprechen k\u00f6nnen, aber hier kann ich es f\u00fchlen. Mein K\u00f6rper entspannt, \u00c4ngste treten zur\u00fcck und ich kann wieder entspannt schlafen. Mein System wird wieder durchl\u00e4ssig. Mir wird so deutlich, welch harte Schale ich mir zulegen musste. Ich bin voller Liebe f\u00fcr mich und meine Seele und dankbar, dass wir diesen Weg gefunden und gegangen sind. S.R.<\/p>\n\n\n\n<p>14.12.2023 Ich bin dankbar, dass ich hier selbst wieder zu Natur werde, unabh\u00e4ngig von gesellschaftlichen Zeit- und Feiertagsvorgaben. Ich fand Feiertage schon immer nervig, aber gefangen im System war es viel schwieriger, nicht doch involviert zu sein. Hier geht die Sonne um 06.40 Uhr auf und um 19 Uhr unter. Mit dem Hellwerden stehe ich auf, kurz nach dem Dunkelwerden gehe ich schlafen, so wie die vielen V\u00f6gel auch. Was k\u00fcmmert\u00b4s mich, welcher Wochen- oder Feiertag es ist? &#8230; Gar nicht wichtig. S.R.<\/p>\n\n\n\n<p>10.02.2024 Diese Authentizit\u00e4t unseres Freundes Rob am Tag seiner Ankunft hier l\u00e4sst mich dankbar sein. Ich bin dankbar, mittlerweile so frei von Konzepten im Kopf zu sein und diesem mir unbekannten Weg zu folgen. Wenn es das ist, was es bei anderen ausl\u00f6st, sind wir genau richtig. S.R.<a href=\"https:\/\/youtube.com\/shorts\/KbbJL134c74?si=MYs02rl9GrzhCEQI\">https:\/\/youtube.com\/shorts\/KbbJL134c74?si=MYs02rl9GrzhCEQI<\/a> <img loading=\"lazy\" decoding=\"async\" width=\"150\" height=\"200\" class=\"wp-image-104\" style=\"width: 150px;\" src=\"https:\/\/holawa.de\/wp-content\/uploads\/2024\/09\/IMG_20240216_132450-scaled.jpg\" alt=\"\" srcset=\"https:\/\/holawa.de\/wp-content\/uploads\/2024\/09\/IMG_20240216_132450-scaled.jpg 1920w, https:\/\/holawa.de\/wp-content\/uploads\/2024\/09\/IMG_20240216_132450-225x300.jpg 225w, https:\/\/holawa.de\/wp-content\/uploads\/2024\/09\/IMG_20240216_132450-768x1024.jpg 768w, https:\/\/holawa.de\/wp-content\/uploads\/2024\/09\/IMG_20240216_132450-1152x1536.jpg 1152w, https:\/\/holawa.de\/wp-content\/uploads\/2024\/09\/IMG_20240216_132450-1536x2048.jpg 1536w\" sizes=\"auto, (max-width: 150px) 100vw, 150px\" \/><\/p>\n\n\n\n<p>07.04.2024 Manchmal darf ich mich daran erinnern. Das ist nicht Urlaub. Es ist mein Leben. Ich habe mich bewusst daf\u00fcr entschieden. Daf\u00fcr bin ich dankbar. S.R.<\/p>\n\n\n\n<p>18.04.2024 Das Leben meint es gut. Immer. Alles ist F\u00fclle. Darauf richte ich meinen Fokus. Das ist einfach seit ich der F\u00fclle Beachtung schenke und nicht mehr dem Mangel. S.R.<\/p>\n\n\n\n<p>03.05.2024 Ich bin dankbar, dass ich mich auf das Gl\u00fcck der Einfachheit eingelassen habe. Oder auf die Einfachheit des Gl\u00fccks. S.R.<\/p>\n\n\n\n<p>20.10.2024 Seit 9 Jahren bin ich t\u00e4glich umgeben von der Weisheit, der Bewusstheit und der Wahrheit, die durch Mario flie\u00dft. Danke Mario f\u00fcr dein Sein. So kann auch ich immer mehr zur\u00fcckfinden in ein einfaches Sein ohne den intellektuellen Overdrive der westlichen Welt. Das Leben kann so unkompliziert sein und leicht. S.R.<\/p>\n\n\n\n<p>20.01.2025 Noch in Deutschland habe ich mich manchmal mit Konsum &#8222;beschenkt&#8220;. Hier brauche ich das \u00fcberhaupt nicht. Hier werde ich satt an guten, tiefgehenden Gespr\u00e4chen. S.R.<\/p>\n\n\n\n<p>01.02.2025 Dankbar f\u00fcr diesen Ort. Er ist perfekt. Perfekt f\u00fcr Besucher, die etwas suchen und f\u00fcr Bewohner, die es bereits besitzen. R.F.<\/p>\n\n\n\n<p><\/p>\n","protected":false},"excerpt":{"rendered":"<p>DANK-BAR 11.11.2023 Auszusteigen macht echt frei. Ich merke jetzt erst, WIE anstrengend es war, im Hamsterrad mitgelaufen zu sein. Wenn [&hellip;]<\/p>\n","protected":false},"author":1,"featured_media":0,"parent":0,"menu_order":0,"comment_status":"closed","ping_status":"closed","template":"","meta":{"site-sidebar-layout":"default","site-content-layout":"","ast-site-content-layout":"default","site-content-style":"default","site-sidebar-style":"default","ast-global-header-display":"","ast-banner-title-visibility":"","ast-main-header-display":"","ast-hfb-above-header-display":"","ast-hfb-below-header-display":"","ast-hfb-mobile-header-display":"","site-post-title":"","ast-breadcrumbs-content":"","ast-featured-img":"","footer-sml-layout":"","ast-disable-related-posts":"","theme-transparent-header-meta":"","adv-header-id-meta":"","stick-header-meta":"","header-above-stick-meta":"","header-main-stick-meta":"","header-below-stick-meta":"","astra-migrate-meta-layouts":"default","ast-page-background-enabled":"default","ast-page-background-meta":{"desktop":{"background-color":"var(--ast-global-color-4)","background-image":"","background-repeat":"repeat","background-position":"center center","background-size":"auto","background-attachment":"scroll","background-type":"","background-media":"","overlay-type":"","overlay-color":"","overlay-opacity":"","overlay-gradient":""},"tablet":{"background-color":"","background-image":"","background-repeat":"repeat","background-position":"center center","background-size":"auto","background-attachment":"scroll","background-type":"","background-media":"","overlay-type":"","overlay-color":"","overlay-opacity":"","overlay-gradient":""},"mobile":{"background-color":"","background-image":"","background-repeat":"repeat","background-position":"center center","background-size":"auto","background-attachment":"scroll","background-type":"","background-media":"","overlay-type":"","overlay-color":"","overlay-opacity":"","overlay-gradient":""}},"ast-content-background-meta":{"desktop":{"background-color":"var(--ast-global-color-5)","background-image":"","background-repeat":"repeat","background-position":"center center","background-size":"auto","background-attachment":"scroll","background-type":"","background-media":"","overlay-type":"","overlay-color":"","overlay-opacity":"","overlay-gradient":""},"tablet":{"background-color":"var(--ast-global-color-5)","background-image":"","background-repeat":"repeat","background-position":"center center","background-size":"auto","background-attachment":"scroll","background-type":"","background-media":"","overlay-type":"","overlay-color":"","overlay-opacity":"","overlay-gradient":""},"mobile":{"background-color":"var(--ast-global-color-5)","background-image":"","background-repeat":"repeat","background-position":"center center","background-size":"auto","background-attachment":"scroll","background-type":"","background-media":"","overlay-type":"","overlay-color":"","overlay-opacity":"","overlay-gradient":""}},"footnotes":""},"class_list":["post-62","page","type-page","status-publish","hentry"],"_links":{"self":[{"href":"https:\/\/holawa.de\/index.php?rest_route=\/wp\/v2\/pages\/62","targetHints":{"allow":["GET"]}}],"collection":[{"href":"https:\/\/holawa.de\/index.php?rest_route=\/wp\/v2\/pages"}],"about":[{"href":"https:\/\/holawa.de\/index.php?rest_route=\/wp\/v2\/types\/page"}],"author":[{"embeddable":true,"href":"https:\/\/holawa.de\/index.php?rest_route=\/wp\/v2\/users\/1"}],"replies":[{"embeddable":true,"href":"https:\/\/holawa.de\/index.php?rest_route=%2Fwp%2Fv2%2Fcomments&post=62"}],"version-history":[{"count":16,"href":"https:\/\/holawa.de\/index.php?rest_route=\/wp\/v2\/pages\/62\/revisions"}],"predecessor-version":[{"id":397,"href":"https:\/\/holawa.de\/index.php?rest_route=\/wp\/v2\/pages\/62\/revisions\/397"}],"wp:attachment":[{"href":"https:\/\/holawa.de\/index.php?rest_route=%2Fwp%2Fv2%2Fmedia&parent=62"}],"curies":[{"name":"wp","href":"https:\/\/api.w.org\/{rel}","templated":true}]}}