{"id":59,"date":"2024-09-22T20:57:03","date_gmt":"2024-09-22T20:57:03","guid":{"rendered":"https:\/\/holawa.de\/?page_id=59"},"modified":"2025-04-28T19:47:29","modified_gmt":"2025-04-28T19:47:29","slug":"philosophie","status":"publish","type":"page","link":"https:\/\/holawa.de\/?page_id=59","title":{"rendered":"Philosophie + Traum"},"content":{"rendered":"\n<h2 class=\"wp-block-heading has-text-align-center\">Philosophie<\/h2>\n\n\n\n<p>Ein gesunder Mensch schafft eine gesunde Gemeinschaft. Das kraftvolle, selbstreflektierende ICH ist Grundstock f\u00fcr eine n\u00e4hrende und tragende Gemeinschaft, die st\u00fctzen und unterst\u00fctzen kann \u2013 intern, wie extern.<\/p>\n\n\n\n<p>Die R\u00fcckverbindung, Schaffung und Erhaltung einer reichhaltigen und urspr\u00fcnglichen Natur, in der das Individuum im Einklang lebt mit dem, was das Land zu bieten vermag, ist die Basis f\u00fcr Gemeinschaft. Eine solche starke und gesunde Gemeinschaft kann wiederum ihre Kraft in das Land zur\u00fcckflie\u00dfen lassen. Das Land kann so in Harmonie von der Gemeinschaft geformt werden, genau wie die Gemeinschaft sich vom Land formen l\u00e4sst. Die Br\u00fccke zwischen Land und Gemeinschaft ist der individuelle Mensch. Durch seine F\u00e4higkeiten, sich selbst zu heilen, sich selbst zu reflektieren und seiner Bereitschaft, die eigene Kraft und F\u00e4higkeit dem Land einerseits und der Gemeinschaft andererseits zuflie\u00dfen zu lassen, entsteht eine gesunde Einheit von Land und Gemeinschaft, in der der einzelne Mensch Mittelpunkt und Bindeglied ist.<\/p>\n\n\n\n<p>Solch eine Einheit ist dann auch f\u00e4hig, nach au\u00dfen zu wirken, zu heilen und Potenziale zu entfalten. Solch eine Einheit sch\u00f6pft ihre Kraft aus der selbstgenerierenden Verbindung der einzelnen Elemente der Einheit.<\/p>\n\n\n\n<p>Land \u2013 Mensch \u2013 Gemeinschaft \/ Gemeinschaft \u2013 Mensch \u2013 Land<\/p>\n\n\n\n<p>Im Zentrum steht das Individuum, der Mensch. So sollten das Land und die Gemeinschaft dem Individuum dienen, damit es aus eigener Kraft heilen kann und die M\u00f6glichkeit der Selbstreflektion und Selbsterkenntnis erh\u00e4lt. Heil und selbstreflektiert kann das Individuum dann wiederum Land und Gemeinschaft dienen und jeder Teil kann aus dem anderen sch\u00f6pfen, um sich in seiner kraftvollsten Version zu pr\u00e4sentieren.<\/p>\n\n\n\n<p>Dabei spielt die Gr\u00f6\u00dfe der Gemeinschaft eine untergeordnete Rolle. Gemeinschaft ist ein Oberbegriff mit unendlich vielf\u00e4ltiger Varianz.<\/p>\n\n\n\n<h2 class=\"wp-block-heading has-text-align-center\">Der Traum<\/h2>\n\n\n\n<p>Ein Ort der Ruhe und Stille in und mit der Natur f\u00fcr eine gesunde Lebensbasis mit Raum f\u00fcr G\u00e4ste und Potenzial f\u00fcr eine kleine Gemeinschaft.<\/p>\n\n\n\n<p>Idealerweise gibt es Oberfl\u00e4chenwasser, wie See, Bach, Fluss auf dem Grundst\u00fcck. Das Land sollte mindestens 10 ha haben und viel urspr\u00fcngliche Natur. So haben wir die M\u00f6glichkeit, Obst und Gem\u00fcse anzubauen oder einfach wild wachsen zu lassen. So kann uns das Land ern\u00e4hren, wie es auch eine reichhaltige Tierwelt ern\u00e4hren kann.<\/p>\n\n\n\n<p>Wer mit uns lebt, ob f\u00fcr 2 Wochen oder 20 Jahre, sorgt f\u00fcr sein eigenes Wohl und ist f\u00e4hig, das eigene Leben auch unabh\u00e4ngig von dieser Gemeinschaft zu leben, zu finanzieren und zu gestalten. Die Individualit\u00e4t tr\u00e4gt die Gemeinschaft, so dass die Gemeinschaft aus einer Freiheit und Unabh\u00e4ngigkeit heraus entsteht und nicht die Lasten des Einzelnen tragen muss.<br>Jeder f\u00fcr sich und das gemeinschaftlich.<\/p>\n\n\n\n<p>Das Wohl des Einzelnen sollte immer im Vordergrund stehen, denn nur, wenn es dem Einzelnen gut geht, kann er auch der Gemeinschaft wohltun. Doch ist die Gemeinschaft nicht f\u00fcr das Wohl des Einzelnen verantwortlich, sondern tr\u00e4gt lediglich unterst\u00fctzend dazu bei. Die Verantwortung bleibt beim Individuum.<\/p>\n\n\n\n<p>Motto: Das eigene Wohl mit dem Wohl der Gemeinschaft verbinden.<\/p>\n\n\n\n<p>Bedeutet \u2013 man ist zuallererst f\u00fcr sein eigenes Wohl verantwortlich und tr\u00e4gt dieses dann in die Gemeinschaft.<\/p>\n","protected":false},"excerpt":{"rendered":"<p>Philosophie Ein gesunder Mensch schafft eine gesunde Gemeinschaft. Das kraftvolle, selbstreflektierende ICH ist Grundstock f\u00fcr eine n\u00e4hrende und tragende Gemeinschaft, [&hellip;]<\/p>\n","protected":false},"author":1,"featured_media":0,"parent":0,"menu_order":0,"comment_status":"closed","ping_status":"closed","template":"","meta":{"site-sidebar-layout":"default","site-content-layout":"","ast-site-content-layout":"default","site-content-style":"default","site-sidebar-style":"default","ast-global-header-display":"","ast-banner-title-visibility":"","ast-main-header-display":"","ast-hfb-above-header-display":"","ast-hfb-below-header-display":"","ast-hfb-mobile-header-display":"","site-post-title":"","ast-breadcrumbs-content":"","ast-featured-img":"","footer-sml-layout":"","ast-disable-related-posts":"","theme-transparent-header-meta":"","adv-header-id-meta":"","stick-header-meta":"","header-above-stick-meta":"","header-main-stick-meta":"","header-below-stick-meta":"","astra-migrate-meta-layouts":"default","ast-page-background-enabled":"default","ast-page-background-meta":{"desktop":{"background-color":"var(--ast-global-color-4)","background-image":"","background-repeat":"repeat","background-position":"center center","background-size":"auto","background-attachment":"scroll","background-type":"","background-media":"","overlay-type":"","overlay-color":"","overlay-opacity":"","overlay-gradient":""},"tablet":{"background-color":"","background-image":"","background-repeat":"repeat","background-position":"center center","background-size":"auto","background-attachment":"scroll","background-type":"","background-media":"","overlay-type":"","overlay-color":"","overlay-opacity":"","overlay-gradient":""},"mobile":{"background-color":"","background-image":"","background-repeat":"repeat","background-position":"center center","background-size":"auto","background-attachment":"scroll","background-type":"","background-media":"","overlay-type":"","overlay-color":"","overlay-opacity":"","overlay-gradient":""}},"ast-content-background-meta":{"desktop":{"background-color":"var(--ast-global-color-5)","background-image":"","background-repeat":"repeat","background-position":"center center","background-size":"auto","background-attachment":"scroll","background-type":"","background-media":"","overlay-type":"","overlay-color":"","overlay-opacity":"","overlay-gradient":""},"tablet":{"background-color":"var(--ast-global-color-5)","background-image":"","background-repeat":"repeat","background-position":"center center","background-size":"auto","background-attachment":"scroll","background-type":"","background-media":"","overlay-type":"","overlay-color":"","overlay-opacity":"","overlay-gradient":""},"mobile":{"background-color":"var(--ast-global-color-5)","background-image":"","background-repeat":"repeat","background-position":"center center","background-size":"auto","background-attachment":"scroll","background-type":"","background-media":"","overlay-type":"","overlay-color":"","overlay-opacity":"","overlay-gradient":""}},"footnotes":""},"class_list":["post-59","page","type-page","status-publish","hentry"],"_links":{"self":[{"href":"https:\/\/holawa.de\/index.php?rest_route=\/wp\/v2\/pages\/59","targetHints":{"allow":["GET"]}}],"collection":[{"href":"https:\/\/holawa.de\/index.php?rest_route=\/wp\/v2\/pages"}],"about":[{"href":"https:\/\/holawa.de\/index.php?rest_route=\/wp\/v2\/types\/page"}],"author":[{"embeddable":true,"href":"https:\/\/holawa.de\/index.php?rest_route=\/wp\/v2\/users\/1"}],"replies":[{"embeddable":true,"href":"https:\/\/holawa.de\/index.php?rest_route=%2Fwp%2Fv2%2Fcomments&post=59"}],"version-history":[{"count":5,"href":"https:\/\/holawa.de\/index.php?rest_route=\/wp\/v2\/pages\/59\/revisions"}],"predecessor-version":[{"id":450,"href":"https:\/\/holawa.de\/index.php?rest_route=\/wp\/v2\/pages\/59\/revisions\/450"}],"wp:attachment":[{"href":"https:\/\/holawa.de\/index.php?rest_route=%2Fwp%2Fv2%2Fmedia&parent=59"}],"curies":[{"name":"wp","href":"https:\/\/api.w.org\/{rel}","templated":true}]}}