{"id":56,"date":"2024-09-22T20:57:03","date_gmt":"2024-09-22T20:57:03","guid":{"rendered":"https:\/\/holawa.de\/?page_id=56"},"modified":"2024-10-22T21:08:48","modified_gmt":"2024-10-22T21:08:48","slug":"ueber-uns","status":"publish","type":"page","link":"https:\/\/holawa.de\/?page_id=56","title":{"rendered":"\u00fcber uns"},"content":{"rendered":"\n<h2 class=\"wp-block-heading has-text-align-center\">\u00fcber uns<\/h2>\n\n\n\n<div class=\"wp-block-columns is-layout-flex wp-container-core-columns-is-layout-28f84493 wp-block-columns-is-layout-flex\">\n<div class=\"wp-block-column is-layout-flow wp-block-column-is-layout-flow\">\n<p>Mario\u00b4s Weg: <\/p>\n\n\n\n<figure class=\"wp-block-image size-large\"><img loading=\"lazy\" decoding=\"async\" width=\"1024\" height=\"610\" src=\"https:\/\/holawa.de\/wp-content\/uploads\/2024\/09\/IMG_20231217_110116-1HP-1024x610.jpg\" alt=\"\" class=\"wp-image-22\" srcset=\"https:\/\/holawa.de\/wp-content\/uploads\/2024\/09\/IMG_20231217_110116-1HP-1024x610.jpg 1024w, https:\/\/holawa.de\/wp-content\/uploads\/2024\/09\/IMG_20231217_110116-1HP-300x179.jpg 300w, https:\/\/holawa.de\/wp-content\/uploads\/2024\/09\/IMG_20231217_110116-1HP-768x458.jpg 768w, https:\/\/holawa.de\/wp-content\/uploads\/2024\/09\/IMG_20231217_110116-1HP-1536x916.jpg 1536w, https:\/\/holawa.de\/wp-content\/uploads\/2024\/09\/IMG_20231217_110116-1HP-2048x1221.jpg 2048w\" sizes=\"auto, (max-width: 1024px) 100vw, 1024px\" \/><\/figure>\n\n\n\n<p>In der ehemaligen DDR geboren, wuchs ich auf mit einer Ideologie, die Einheit, Gleichheit und Gemeinschaft versprach. Auch wenn die Ideologie sich in einem so gro\u00dfen Ma\u00dfstab nicht durchsetzen konnte und nicht real lebbar war, schaffte sie doch Umst\u00e4nde, die die Menschen dazu brachte, f\u00fcreinander da zu sein und nicht in Konkurrenz miteinander zu sein.<\/p>\n\n\n\n<p>Diese grunds\u00e4tzlichen Energien sind in und mit mir gewachsen und so blieb immer ein grundlegendes Gef\u00fchl von Gemeinschaft und Einheit erhalten. Dieses grundlegende Gef\u00fchl manifestierte sich immer wieder in unterschiedlichen Formen. Ob es der Wunsch nach einer Klostergemeinschaft war oder das Bed\u00fcrfnis, etwas Eigenes zu erschaffen, um f\u00fcr andere Gleichgesinnte einen R\u00fcckzugsort zur Verf\u00fcgung zu stellen. Das Bed\u00fcrfnis nach Gemeinschaft wechselte sich mit dem Bed\u00fcrfnis nach Individualit\u00e4t und Alleinsein ab. Beide Bed\u00fcrfnisse wollten in Harmonie gebracht werden, das eine durfte nicht vernachl\u00e4ssigt werden, um das andere zu leben. Aber eins nach dem anderen.<\/p>\n\n\n\n<p>Anfang der 90iger Jahre, ich war gerade 22, ging ich auf eine lange Reise. Eine Reise, die so nie geplant war und eher eine Suche war. Auf dieser Reise, die \u00fcber 12 Jahre andauerte, stie\u00df ich auf unterschiedlichste Gemeinschaften. Eine gro\u00dfe Gemeinschaft, wie der Moschaw in Israel, spirituelle Zentren, die hunderte von Menschen t\u00e4glich empfangen und Klostergemeinschaften, aber auch kleine Gemeinschaften wie Familien, Glaubensgemeinschaften, Reisegruppen und Freundschaften. Ich fand aber auch Gemeinschaft mit mir selbst in den abgelegensten Winkeln der Erde, am Nordpolarmeer, am Yukon und in der S\u00fcdsee. Und ich fand Gemeinschaft mit Gott, der Seele, dem Allganzen. \u00dcberall wo ich war oder ich noch nicht bin, au\u00dferhalb von mir und in mir drin.<\/p>\n\n\n\n<p>Mit dieser Erkenntnis entwickelten sich so nach und nach auch mein Traum und eine Philosophie. Es begann, sich die Harmonie zu formen, nach der ich suchte. Ein Weg, wie ich die vermeintlichen Gegens\u00e4tze von Gemeinschaft und Alleinsein bedingungslos vereinen konnte. Viele Erfahrungen folgten, doch der rote Faden blieb und wurde immer st\u00e4rker.<\/p>\n\n\n\n<p>Meine Reise begann mit einem Intensivsprachkurs in Kalifornien. 10 Wochen 6 Stunden am Tag. Dort formte sich die erste Manifestation dessen, wohin mich mein Leben f\u00fchren sollte. Ich lernte eine Frau kennen. Es dauerte nicht lange und aus Gr\u00fcnden, die ich heute nicht mehr nachvollziehen kann, begannen wir, \u00fcber \u00d6kotourismus und ein Retreatzentrum zu sprechen. Ganz schnell entstanden konkrete Pl\u00e4ne, als w\u00e4re alles schon vorgegeben. Das Land der Wahl: Honduras. Warum? Weil in Honduras gerade der B\u00fcrgerkrieg zu Ende gegangen war und die honduranische Regierung massive F\u00f6rderungen und Unterst\u00fctzungen anbot, um ausl\u00e4ndische Investoren ins Land zu holen, um die Wirtschaft wieder anzukurbeln. So gab es f\u00fcr die Tourismusbranche die M\u00f6glichkeit, Land zu sehr g\u00fcnstigen Konditionen zu erwerben. Wir planten, Land zu kaufen, am Meer mit Strand. Darauf sollten ein gr\u00f6\u00dferes Gemeinschaftshaus und mehrere kleine individuelle H\u00fctten gebaut werden, ein kleines \u00d6ko-Hotel. Kaum war die Idee geboren und ausgesprochen, fand sich ein Koch, der ebenfalls einsteigen wollte, um f\u00fcr die G\u00e4ste zu kochen. Kurze Zeit sp\u00e4ter fand sich ein Pilot ein, der mit einem kleinen Flugzeug Rundfl\u00fcge anbieten wollte. Auf dem Plan entstanden Wasserh\u00fctten mit Steg, Bootsausfl\u00fcge und vieles mehr.<\/p>\n\n\n\n<p>Mit meinen 22 Jahren war ich aber noch sehr unerfahren und naiv. Ich hatte mich gerade der Welt ge\u00f6ffnet und wollte sie wie ein kleines Kind noch bestaunen und erkunden. In anderen Worten, ich war noch nicht bereit f\u00fcr die Manifestation meiner inneren Pr\u00e4gung. So ging es weiter auf meinem Erfahrungsweg, doch der rote Faden blieb.<\/p>\n\n\n\n<p>12 Jahre sp\u00e4ter, wieder in Deutschland, suchte ich Gemeinschaften (Zegg bei Berlin) auf, um konkret das Leben in Gemeinschaft kennenzulernen. Wichtige Erfahrung, denn dort durfte ich lernen, was ich nicht m\u00f6chte. So formte sich der Traum weiter.<\/p>\n\n\n\n<p>Auf dem Weg der Individualit\u00e4t lie\u00df ich mich zum Reinkarnationstherapeuten ausbilden, er\u00f6ffnete sp\u00e4ter meine eigene Praxis in Berlin. W\u00e4hrend der Ausbildung lernte ich meine jetzige Frau Susanne kennen. Schon bei den ersten Treffen mit Susanne und ihrem damaligen Mann Gernot kam das Thema Gemeinschaft auf den Tisch. Susanne und Gernot hatten ein Mehrfamilienhaus erworben, auch im Sinne einer zuk\u00fcnftigen Gemeinschaft. Ein paar Jahre sp\u00e4ter gab ich dann meine Praxis auf und wurde das erste Mitglied dieser m\u00f6glichen zuk\u00fcnftigen Gemeinschaft. Von da an begann sich der rote Faden in ein dickes rotes Seil zu wandeln, vor mir ausgelegt und sogar im Dunkeln leuchtend. Aus der Gemeinschaft \u00fcber Privatbesitz von den 2 Gr\u00fcndern wurde vor\u00fcbergehend eine Partnergemeinschaft, immer mit dem Fokus auf etwas Gr\u00f6\u00dferem \u2013&nbsp;ein Retreat- und Seminarzentrum. Mit einer Freundin von Susanne wurde dieser Traum einige Jahre sp\u00e4ter dann zum ersten Mal Wirklichkeit und gleichzeitig wurde damit auch der letzte n\u00f6tige Erfahrungsstein in meinem Fundament gelegt. Diese 6 Jahre am Klosterberg beendeten eine 50-j\u00e4hrige Reise. Jetzt liegen die Philosophie und der Traum klar vor mir und warten darauf, manifestiert zu werden.<\/p>\n<\/div>\n\n\n\n<div class=\"wp-block-column is-layout-flow wp-block-column-is-layout-flow\">\n<p>Susanne\u00b4s Weg:<\/p>\n\n\n\n<figure class=\"wp-block-image size-full\"><img loading=\"lazy\" decoding=\"async\" width=\"933\" height=\"398\" src=\"https:\/\/holawa.de\/wp-content\/uploads\/2024\/09\/DSC00048HP1.jpg\" alt=\"\" class=\"wp-image-21\" srcset=\"https:\/\/holawa.de\/wp-content\/uploads\/2024\/09\/DSC00048HP1.jpg 933w, https:\/\/holawa.de\/wp-content\/uploads\/2024\/09\/DSC00048HP1-300x128.jpg 300w, https:\/\/holawa.de\/wp-content\/uploads\/2024\/09\/DSC00048HP1-768x328.jpg 768w\" sizes=\"auto, (max-width: 933px) 100vw, 933px\" \/><\/figure>\n\n\n\n<p>Ich kam in den 60er Jahren als Fr\u00fchchen per Kaiserschnitt zur Welt.&nbsp;&nbsp;<\/p>\n\n\n\n<p>Nachgeburtliche Umst\u00e4nde f\u00fchrten dann dazu, dass ich erst mit 4 Wochen den ersten Kontakt mit meiner Mutter hatte. Der Grundstock f\u00fcr mein weiteres Leben war gelegt.<\/p>\n\n\n\n<p>Als ich 5 Jahre alt war, wiederholte sich die Situation. Ein 4-w\u00f6chiger Krankenhausaufenthalt und ein den Eltern auferlegtes Besuchsverbot, weckte k\u00f6rperliche unbewusste Erinnerungen. Danach war meine Kindheit von h\u00e4ufigen Umz\u00fcgen, Schulwechseln und weiteren Krankenhausaufenthalten gepr\u00e4gt, was kaum zu einer Stabilisierung meiner Psyche beitrug. Aber ich k\u00e4mpfte mich durch, machte meine Erfahrungen, lernte zu \u00fcberleben.<\/p>\n\n\n\n<p>Meine erste Ehe war dann auch eher ein Versuch, Stabilit\u00e4t zu finden. Ein charismatischer Mann, allerdings mit psychopathischen Z\u00fcgen, lie\u00dfen mich nun k\u00f6rperliche und emotionale Gewalt auf einem neuen Level erleben. Irgendwann nahm ich meinen ganzen Mut zusammen und l\u00f6ste mich mit meinen beiden kleinen T\u00f6chtern aus dieser Beziehung. Rache war seine Antwort. Es war ihm m\u00f6glich, mir die Kinder zu entziehen. 6 Jahre versuchte ich mit aller Kraft, meine T\u00f6chter zu mir zur\u00fcckzuholen. Doch Macht, Einfluss und illegale Machenschaften erschwerten es mir bis fast zur v\u00f6lligen Verzweiflung.<\/p>\n\n\n\n<p>In dieser Zeit lernte ich meinen zweiten Mann kennen und es begann ein langer Weg der Heilung und der Stabilit\u00e4t. Ich gewann an Selbstvertrauen, St\u00e4rke und Zuversicht. Meine zwei T\u00f6chter kamen auf ihren Wunsch zur\u00fcck und wir vergr\u00f6\u00dferten unsere Familie um eine weitere Tochter und einen Sohn. So heilsam wie diese zweite Ehe f\u00fcr mich war, war sie aber doch auch nicht ohne Sorgen und N\u00f6te, die auch auf das Familienleben einwirkten. In dieser Zeit kam es zum Unfalltod meiner Mutter und einige Jahre sp\u00e4ter zu einer einj\u00e4hrigen Trennung. Doch die Beziehung war stabil genug und von Liebe getragen, dass wir unsere Kinder bis in ihr Erwachsenwerden liebevoll und f\u00fcrsorglich begleiten konnten. Als die Kinder dann auf eigenen F\u00fcssen zu stehen begannen, war auch f\u00fcr uns die Zeit, eigene Wege zu gehen. Wir trennten uns in Liebe und Einvernehmlichkeit und ich begann kraftvoll, stabil und geheilt nun meine eigenen Schritte zu gehen.<\/p>\n\n\n\n<p>Ich lernte schnell, gesund f\u00fcr mich selbst zu sorgen, mich aus Abh\u00e4ngigkeiten zu l\u00f6sen und kraftvoll meinen eigenen Weg zu beschreiten.<\/p>\n\n\n\n<p>In dieser Zeit trat Mario als Partner in mein Leben. Er konfrontierte mich mit einer, mir bis dato unbekannten Lebensphilosophie. Einer Philosophie der Eigenst\u00e4ndigkeit und Freiheit. Mich diesem neuen Leben hingeben zu k\u00f6nnen, zeigte mir, dass mein Heilungsprozess abgeschlossen war. Jetzt begann die Zeit des Wachstums. Dieses Wachstum fand am Klosterberg seinen H\u00f6he- und auch seinen Wendepunkt. Fast geblendet vom Rausch des Erfolges begann ich, mich selbst wieder aus den Augen zu verlieren. Das durch \u00e4u\u00dfere Umst\u00e4nde hervorgerufene Ende war wie ein Weckruf f\u00fcr mich, ein schriller, lauter Wecker am Morgen. Doch absolut notwendig, denn nur so konnte ich meine Augen \u00f6ffnen. Jetzt bin ich sehend angekommen. Ich sehe was, wer und wo ich bin. Und ich sehe mit Freuden, was vor mir liegt und mit Dankbarkeit, was hinter mir liegt.<\/p>\n<\/div>\n<\/div>\n","protected":false},"excerpt":{"rendered":"<p>\u00fcber uns Mario\u00b4s Weg: In der ehemaligen DDR geboren, wuchs ich auf mit einer Ideologie, die Einheit, Gleichheit und Gemeinschaft [&hellip;]<\/p>\n","protected":false},"author":1,"featured_media":0,"parent":0,"menu_order":0,"comment_status":"closed","ping_status":"closed","template":"","meta":{"site-sidebar-layout":"default","site-content-layout":"","ast-site-content-layout":"default","site-content-style":"default","site-sidebar-style":"default","ast-global-header-display":"","ast-banner-title-visibility":"","ast-main-header-display":"","ast-hfb-above-header-display":"","ast-hfb-below-header-display":"","ast-hfb-mobile-header-display":"","site-post-title":"","ast-breadcrumbs-content":"","ast-featured-img":"","footer-sml-layout":"","ast-disable-related-posts":"","theme-transparent-header-meta":"","adv-header-id-meta":"","stick-header-meta":"","header-above-stick-meta":"","header-main-stick-meta":"","header-below-stick-meta":"","astra-migrate-meta-layouts":"default","ast-page-background-enabled":"default","ast-page-background-meta":{"desktop":{"background-color":"var(--ast-global-color-4)","background-image":"","background-repeat":"repeat","background-position":"center center","background-size":"auto","background-attachment":"scroll","background-type":"","background-media":"","overlay-type":"","overlay-color":"","overlay-opacity":"","overlay-gradient":""},"tablet":{"background-color":"","background-image":"","background-repeat":"repeat","background-position":"center center","background-size":"auto","background-attachment":"scroll","background-type":"","background-media":"","overlay-type":"","overlay-color":"","overlay-opacity":"","overlay-gradient":""},"mobile":{"background-color":"","background-image":"","background-repeat":"repeat","background-position":"center center","background-size":"auto","background-attachment":"scroll","background-type":"","background-media":"","overlay-type":"","overlay-color":"","overlay-opacity":"","overlay-gradient":""}},"ast-content-background-meta":{"desktop":{"background-color":"var(--ast-global-color-5)","background-image":"","background-repeat":"repeat","background-position":"center center","background-size":"auto","background-attachment":"scroll","background-type":"","background-media":"","overlay-type":"","overlay-color":"","overlay-opacity":"","overlay-gradient":""},"tablet":{"background-color":"var(--ast-global-color-5)","background-image":"","background-repeat":"repeat","background-position":"center center","background-size":"auto","background-attachment":"scroll","background-type":"","background-media":"","overlay-type":"","overlay-color":"","overlay-opacity":"","overlay-gradient":""},"mobile":{"background-color":"var(--ast-global-color-5)","background-image":"","background-repeat":"repeat","background-position":"center center","background-size":"auto","background-attachment":"scroll","background-type":"","background-media":"","overlay-type":"","overlay-color":"","overlay-opacity":"","overlay-gradient":""}},"footnotes":""},"class_list":["post-56","page","type-page","status-publish","hentry"],"_links":{"self":[{"href":"https:\/\/holawa.de\/index.php?rest_route=\/wp\/v2\/pages\/56","targetHints":{"allow":["GET"]}}],"collection":[{"href":"https:\/\/holawa.de\/index.php?rest_route=\/wp\/v2\/pages"}],"about":[{"href":"https:\/\/holawa.de\/index.php?rest_route=\/wp\/v2\/types\/page"}],"author":[{"embeddable":true,"href":"https:\/\/holawa.de\/index.php?rest_route=\/wp\/v2\/users\/1"}],"replies":[{"embeddable":true,"href":"https:\/\/holawa.de\/index.php?rest_route=%2Fwp%2Fv2%2Fcomments&post=56"}],"version-history":[{"count":4,"href":"https:\/\/holawa.de\/index.php?rest_route=\/wp\/v2\/pages\/56\/revisions"}],"predecessor-version":[{"id":339,"href":"https:\/\/holawa.de\/index.php?rest_route=\/wp\/v2\/pages\/56\/revisions\/339"}],"wp:attachment":[{"href":"https:\/\/holawa.de\/index.php?rest_route=%2Fwp%2Fv2%2Fmedia&parent=56"}],"curies":[{"name":"wp","href":"https:\/\/api.w.org\/{rel}","templated":true}]}}