{"id":55,"date":"2024-09-22T20:57:03","date_gmt":"2024-09-22T20:57:03","guid":{"rendered":"https:\/\/holawa.de\/?page_id=55"},"modified":"2025-04-30T19:20:00","modified_gmt":"2025-04-30T19:20:00","slug":"herzlich-willkommen","status":"publish","type":"page","link":"https:\/\/holawa.de\/","title":{"rendered":"Herzlich willkommen"},"content":{"rendered":"\n<h2 class=\"wp-block-heading has-text-align-center\">Herzlich willkommen in unserer entstehenden Gemeinschaft.<\/h2>\n\n\n\n<p class=\"has-text-align-left\">Frei und weitgehend unabh\u00e4ngig zu leben bedeutet f\u00fcr uns, sich vor allem von Konzepten im Kopf frei zu machen. Dann gelingt es auch im Au\u00dfen. Gerne kannst du \u00fcber diese Seite an unserem Leben hier in Panama teilhaben.<\/p>\n\n\n\n<p class=\"has-text-align-left\">Wir berichten \u00fcber uns, unsere Philosophie, unseren Traum und die Verwirklichung unseres Traumes. Es gibt auch ein spirituelles Angebot.<\/p>\n\n\n\n<p class=\"has-text-align-left\">Wir sind daran interessiert, in <a href=\"https:\/\/holawa.de\/?page_id=453\" data-type=\"page\" data-id=\"453\">Gemeinschaft<\/a> mit Gleichgesinnten zu leben. Wichtige Aspekte unserer kleinen Gemeinschaft sind: Individualit\u00e4t, Freiheit, Unabh\u00e4ngigkeit, Selbstverantwortung. Wenn du dich f\u00fcr ein Leben in Gemeinschaft in Panama\u00b4s Bergen interessierst, melde dich gerne bei uns.<\/p>\n\n\n\n<p class=\"has-text-align-center\">Seelen erkennen einander an der Schwingung.&nbsp;<\/p>\n\n\n\n<figure class=\"wp-block-image size-large\"><img loading=\"lazy\" decoding=\"async\" width=\"1200\" height=\"800\" src=\"https:\/\/holawa.de\/wp-content\/uploads\/2024\/09\/IMG-20231223-WA0029-edited-1.jpg\" alt=\"\" class=\"wp-image-205\" srcset=\"https:\/\/holawa.de\/wp-content\/uploads\/2024\/09\/IMG-20231223-WA0029-edited-1.jpg 1200w, https:\/\/holawa.de\/wp-content\/uploads\/2024\/09\/IMG-20231223-WA0029-edited-1-300x200.jpg 300w, https:\/\/holawa.de\/wp-content\/uploads\/2024\/09\/IMG-20231223-WA0029-edited-1-1024x683.jpg 1024w, https:\/\/holawa.de\/wp-content\/uploads\/2024\/09\/IMG-20231223-WA0029-edited-1-768x512.jpg 768w\" sizes=\"auto, (max-width: 1200px) 100vw, 1200px\" \/><\/figure>\n\n\n\n<p class=\"has-text-align-center\">Youtube:&nbsp;<a href=\"http:\/\/www.youtube.com\/@Holawa_pan\">www.youtube.com\/@Holawa_pan<\/a><\/p>\n\n\n\n<p class=\"has-text-align-center\">Facebook:&nbsp;<a href=\"https:\/\/www.youtube.com\/redirect?event=channel_description&amp;redir_token=QUFFLUhqazVVaExUQnhYZ0xJcnc4NmR3XzRMcVFLQnhJUXxBQ3Jtc0tub0ZTeWFuLWJiRkJFVWptS3hvVElmbjZqb1V4QnZkRGJER1hUeXpUTnRpazNrSjhPN2RwZVVSMmZGeF9aVEVINlVheEJkam1VUnBGNVNCdWdrYV9VYlRabzZNdmFOeE5UclpiU0F2QVY4cUxHSUhrOA&amp;q=https%3A%2F%2Fwww.facebook.com%2Fholawapanama%2F\" rel=\"noreferrer noopener\" target=\"_blank\">facebook.com\/holawapanama<\/a><\/p>\n\n\n\n<p class=\"has-text-align-center\">Instagram:&nbsp;<a href=\"https:\/\/www.youtube.com\/redirect?event=channel_description&amp;redir_token=QUFFLUhqa1hjSEpJZVFnRFd0WFNHdXBBSXJXSWNaQjRPZ3xBQ3Jtc0tuenh5cFJNdzUwWEE5OExGVzJlemoxRXR3WTR6OWJ3X2tHNklCRjNTX09LalhrdktuV2o2WFVMREVta21HOFVOZUEzWjZtMml2NnlaNWpvNFJGanFoNXYweGRBcWJfNUhDQ3JSWmd5V1p5UkVIRGZGTQ&amp;q=https%3A%2F%2Fwww.instagram.com%2Fholawa_pan%2F\" rel=\"noreferrer noopener\" target=\"_blank\">instagram.com\/holawa_pan<\/a><\/p>\n\n\n\n<p><\/p>\n","protected":false},"excerpt":{"rendered":"<p>Herzlich willkommen in unserer entstehenden Gemeinschaft. Frei und weitgehend unabh\u00e4ngig zu leben bedeutet f\u00fcr uns, sich vor allem von Konzepten [&hellip;]<\/p>\n","protected":false},"author":1,"featured_media":0,"parent":0,"menu_order":0,"comment_status":"closed","ping_status":"closed","template":"","meta":{"site-sidebar-layout":"default","site-content-layout":"","ast-site-content-layout":"default","site-content-style":"default","site-sidebar-style":"default","ast-global-header-display":"","ast-banner-title-visibility":"","ast-main-header-display":"","ast-hfb-above-header-display":"","ast-hfb-below-header-display":"","ast-hfb-mobile-header-display":"","site-post-title":"","ast-breadcrumbs-content":"","ast-featured-img":"","footer-sml-layout":"","ast-disable-related-posts":"","theme-transparent-header-meta":"","adv-header-id-meta":"","stick-header-meta":"","header-above-stick-meta":"","header-main-stick-meta":"","header-below-stick-meta":"","astra-migrate-meta-layouts":"default","ast-page-background-enabled":"default","ast-page-background-meta":{"desktop":{"background-color":"var(--ast-global-color-4)","background-image":"","background-repeat":"repeat","background-position":"center center","background-size":"auto","background-attachment":"scroll","background-type":"","background-media":"","overlay-type":"","overlay-color":"","overlay-opacity":"","overlay-gradient":""},"tablet":{"background-color":"","background-image":"","background-repeat":"repeat","background-position":"center center","background-size":"auto","background-attachment":"scroll","background-type":"","background-media":"","overlay-type":"","overlay-color":"","overlay-opacity":"","overlay-gradient":""},"mobile":{"background-color":"","background-image":"","background-repeat":"repeat","background-position":"center center","background-size":"auto","background-attachment":"scroll","background-type":"","background-media":"","overlay-type":"","overlay-color":"","overlay-opacity":"","overlay-gradient":""}},"ast-content-background-meta":{"desktop":{"background-color":"var(--ast-global-color-5)","background-image":"","background-repeat":"repeat","background-position":"center center","background-size":"auto","background-attachment":"scroll","background-type":"","background-media":"","overlay-type":"","overlay-color":"","overlay-opacity":"","overlay-gradient":""},"tablet":{"background-color":"var(--ast-global-color-5)","background-image":"","background-repeat":"repeat","background-position":"center center","background-size":"auto","background-attachment":"scroll","background-type":"","background-media":"","overlay-type":"","overlay-color":"","overlay-opacity":"","overlay-gradient":""},"mobile":{"background-color":"var(--ast-global-color-5)","background-image":"","background-repeat":"repeat","background-position":"center center","background-size":"auto","background-attachment":"scroll","background-type":"","background-media":"","overlay-type":"","overlay-color":"","overlay-opacity":"","overlay-gradient":""}},"footnotes":""},"class_list":["post-55","page","type-page","status-publish","hentry"],"_links":{"self":[{"href":"https:\/\/holawa.de\/index.php?rest_route=\/wp\/v2\/pages\/55","targetHints":{"allow":["GET"]}}],"collection":[{"href":"https:\/\/holawa.de\/index.php?rest_route=\/wp\/v2\/pages"}],"about":[{"href":"https:\/\/holawa.de\/index.php?rest_route=\/wp\/v2\/types\/page"}],"author":[{"embeddable":true,"href":"https:\/\/holawa.de\/index.php?rest_route=\/wp\/v2\/users\/1"}],"replies":[{"embeddable":true,"href":"https:\/\/holawa.de\/index.php?rest_route=%2Fwp%2Fv2%2Fcomments&post=55"}],"version-history":[{"count":11,"href":"https:\/\/holawa.de\/index.php?rest_route=\/wp\/v2\/pages\/55\/revisions"}],"predecessor-version":[{"id":457,"href":"https:\/\/holawa.de\/index.php?rest_route=\/wp\/v2\/pages\/55\/revisions\/457"}],"wp:attachment":[{"href":"https:\/\/holawa.de\/index.php?rest_route=%2Fwp%2Fv2%2Fmedia&parent=55"}],"curies":[{"name":"wp","href":"https:\/\/api.w.org\/{rel}","templated":true}]}}