{"id":442,"date":"2025-04-28T19:41:29","date_gmt":"2025-04-28T19:41:29","guid":{"rendered":"https:\/\/holawa.de\/?page_id=442"},"modified":"2025-04-28T20:01:48","modified_gmt":"2025-04-28T20:01:48","slug":"unsere-gaestewohnung","status":"publish","type":"page","link":"https:\/\/holawa.de\/?page_id=442","title":{"rendered":"Unser G\u00e4stehaus"},"content":{"rendered":"\n<figure class=\"wp-block-embed is-type-video is-provider-youtube wp-block-embed-youtube wp-embed-aspect-16-9 wp-has-aspect-ratio\"><div class=\"wp-block-embed__wrapper\">\n<iframe loading=\"lazy\" title=\"Unsere G\u00e4stewohnung\" width=\"500\" height=\"281\" src=\"https:\/\/www.youtube.com\/embed\/juRVWZwyMz8?feature=oembed\" frameborder=\"0\" allow=\"accelerometer; autoplay; clipboard-write; encrypted-media; gyroscope; picture-in-picture; web-share\" referrerpolicy=\"strict-origin-when-cross-origin\" allowfullscreen><\/iframe>\n<\/div><\/figure>\n\n\n\n<p>Auf Anfrage vermieten wir unser G\u00e4stehaus mit der M\u00f6glichkeit, in unser Leben hier abseits von Trubel, Tourismus und Stress einzutauchen. Wir leben 20 Autominuten von Volcan entfernt. Es gibt 400 m von hier eine Bushaltestelle, von der st\u00fcndlich ein Bus nach Volcan und zur\u00fcck f\u00e4hrt. Wenn du mit dem Auto kommst, empfiehlt sich 4Wheeldrive. Unser Trinkwasser beziehen wir aus einer unserer Quellen, an das Stromnetz sind wir angeschlossen und Internet liefert Starlink. Umgeben sind wir von Kuhherden, die die Berge um uns herum bewohnen, einigen H\u00fchnern und Hunden. Auf unserem 15 ha gro\u00dfen Land haben wir neben unz\u00e4hligen V\u00f6geln und Schmetterlingen u.a. Ameisenb\u00e4ren, G\u00fcrteltiere, Stinktiere, Opossums und Ozelots gesichtet. Von unserer 120qm Freiluftterrasse hast du einen Blick bis Costa Rica. Du kannst dich uns anschlie\u00dfen, mit uns Zeit verbringen, zusammen mit uns kochen oder Gesellschaftsspiele spielen, aber auch v\u00f6llig autark und unabh\u00e4ngig von uns dich selbst versorgen und dir selbst begegnen.<\/p>\n\n\n\n<p>1 Person     50$\/Nacht<\/p>\n\n\n\n<p>2 Personen 75$\/Nacht<\/p>\n\n\n\n<p>Wir bieten keinen Fr\u00fchst\u00fcckservice.<\/p>\n\n\n\n<p><\/p>\n","protected":false},"excerpt":{"rendered":"<p>Auf Anfrage vermieten wir unser G\u00e4stehaus mit der M\u00f6glichkeit, in unser Leben hier abseits von Trubel, Tourismus und Stress einzutauchen. [&hellip;]<\/p>\n","protected":false},"author":1,"featured_media":0,"parent":0,"menu_order":0,"comment_status":"closed","ping_status":"closed","template":"","meta":{"site-sidebar-layout":"default","site-content-layout":"","ast-site-content-layout":"default","site-content-style":"default","site-sidebar-style":"default","ast-global-header-display":"","ast-banner-title-visibility":"","ast-main-header-display":"","ast-hfb-above-header-display":"","ast-hfb-below-header-display":"","ast-hfb-mobile-header-display":"","site-post-title":"","ast-breadcrumbs-content":"","ast-featured-img":"","footer-sml-layout":"","ast-disable-related-posts":"","theme-transparent-header-meta":"","adv-header-id-meta":"","stick-header-meta":"","header-above-stick-meta":"","header-main-stick-meta":"","header-below-stick-meta":"","astra-migrate-meta-layouts":"default","ast-page-background-enabled":"default","ast-page-background-meta":{"desktop":{"background-color":"var(--ast-global-color-4)","background-image":"","background-repeat":"repeat","background-position":"center center","background-size":"auto","background-attachment":"scroll","background-type":"","background-media":"","overlay-type":"","overlay-color":"","overlay-opacity":"","overlay-gradient":""},"tablet":{"background-color":"","background-image":"","background-repeat":"repeat","background-position":"center center","background-size":"auto","background-attachment":"scroll","background-type":"","background-media":"","overlay-type":"","overlay-color":"","overlay-opacity":"","overlay-gradient":""},"mobile":{"background-color":"","background-image":"","background-repeat":"repeat","background-position":"center center","background-size":"auto","background-attachment":"scroll","background-type":"","background-media":"","overlay-type":"","overlay-color":"","overlay-opacity":"","overlay-gradient":""}},"ast-content-background-meta":{"desktop":{"background-color":"var(--ast-global-color-5)","background-image":"","background-repeat":"repeat","background-position":"center center","background-size":"auto","background-attachment":"scroll","background-type":"","background-media":"","overlay-type":"","overlay-color":"","overlay-opacity":"","overlay-gradient":""},"tablet":{"background-color":"var(--ast-global-color-5)","background-image":"","background-repeat":"repeat","background-position":"center center","background-size":"auto","background-attachment":"scroll","background-type":"","background-media":"","overlay-type":"","overlay-color":"","overlay-opacity":"","overlay-gradient":""},"mobile":{"background-color":"var(--ast-global-color-5)","background-image":"","background-repeat":"repeat","background-position":"center center","background-size":"auto","background-attachment":"scroll","background-type":"","background-media":"","overlay-type":"","overlay-color":"","overlay-opacity":"","overlay-gradient":""}},"footnotes":""},"class_list":["post-442","page","type-page","status-publish","hentry"],"_links":{"self":[{"href":"https:\/\/holawa.de\/index.php?rest_route=\/wp\/v2\/pages\/442","targetHints":{"allow":["GET"]}}],"collection":[{"href":"https:\/\/holawa.de\/index.php?rest_route=\/wp\/v2\/pages"}],"about":[{"href":"https:\/\/holawa.de\/index.php?rest_route=\/wp\/v2\/types\/page"}],"author":[{"embeddable":true,"href":"https:\/\/holawa.de\/index.php?rest_route=\/wp\/v2\/users\/1"}],"replies":[{"embeddable":true,"href":"https:\/\/holawa.de\/index.php?rest_route=%2Fwp%2Fv2%2Fcomments&post=442"}],"version-history":[{"count":3,"href":"https:\/\/holawa.de\/index.php?rest_route=\/wp\/v2\/pages\/442\/revisions"}],"predecessor-version":[{"id":452,"href":"https:\/\/holawa.de\/index.php?rest_route=\/wp\/v2\/pages\/442\/revisions\/452"}],"wp:attachment":[{"href":"https:\/\/holawa.de\/index.php?rest_route=%2Fwp%2Fv2%2Fmedia&parent=442"}],"curies":[{"name":"wp","href":"https:\/\/api.w.org\/{rel}","templated":true}]}}