{"id":341,"date":"2024-10-22T21:29:45","date_gmt":"2024-10-22T21:29:45","guid":{"rendered":"https:\/\/holawa.de\/?page_id=341"},"modified":"2026-04-07T20:34:13","modified_gmt":"2026-04-07T20:34:13","slug":"bewusstseins-coaching-2","status":"publish","type":"page","link":"https:\/\/holawa.de\/?page_id=341","title":{"rendered":"Bewusstseins-Coaching (Mario)"},"content":{"rendered":"\n<h2 class=\"wp-block-heading has-text-align-center\">Bewusstseins-Coaching (Mario)<\/h2>\n\n\n\n<p>Im Bewusstseins-Coaching mit Mario tauchst du ein in eine F\u00fclle von Erkenntnissen, die nicht auf Wissen, sondern gelebten Erfahrungen basieren. In eine F\u00fclle von Weisheit, basierend auf einem bewussten Angebundensein an die feinstofflichen Welten. In eine energetische Schwingung, die dich tr\u00e4gt und dich zu dir selbst f\u00fchren kann, wenn du bereit bist, dich einzulassen.<\/p>\n\n\n\n<p>Hier kannst du dich mitteilen und Fragen stellen, hier kannst du ankn\u00fcpfen an gemachte Erfahrungen, integrierte Erkenntnis und gelebte Weisheit. So wird ein Perspektivwechsel m\u00f6glich. <\/p>\n\n\n\n<p>Kosten: <strong>$ 45,-<\/strong> je Stunde, so lang es braucht.<\/p>\n\n\n\n<p><\/p>\n\n\n\n<h2 class=\"wp-block-heading has-text-align-center\">Arbeitsangebote zur pers\u00f6nlichen BewusstseinsSchulung<\/h2>\n\n\n\n<p><strong>1. Basisversion<\/strong><\/p>\n\n\n\n<p>Hier werden deine Ehrlichkeit, deine Offenheit und deine Eigeninitiative besonders gefordert, denn du setzt den Grundstock, auf dem alles weitere aufbaut. <\/p>\n\n\n\n<p>In der Basisversion erhalte ich regelm\u00e4\u00dfig von dir einen Bericht \u00fcber deinen Zustand, \u00fcber deine Auseinandersetzung, deinen Fortschritt, deine Gedanken, einfach alles, was dir wichtig und unwichtig erscheint zu deinem Thema. Diese Berichte werden die Grundlage sein f\u00fcr alles, was wir miteinander arbeiten, und sie werden die Grundlage sein f\u00fcr mich zu erkennen, wo du im Moment stehst und was du in dieser Zeit am meisten brauchst, um weiterzukommen. <\/p>\n\n\n\n<p>Der Ablauf ist folgender. Ich bekomme von dir einen umfassenden und m\u00f6glichst vollst\u00e4ndigen Bericht \u00fcber deinen Zustand, dein Anliegen, dein Ziel, dein Thema und auch deine Erwartungen und Hoffnungen. Daraufhin werde ich dir innerhalb von 3 Tagen antworten. F\u00fcr Nachfragen, m\u00f6gliche Missverst\u00e4ndnisse, Unklarheiten lasse dir bitte mindestens 4 Tage (bzw. 5 Tage) Zeit, um nachzusp\u00fcren, um wirken zu lassen, um selbst nachzudenken und eventuell sogar eigene L\u00f6sungsans\u00e4tze zu finden. Nach jeder weiteren Nachricht von dir, antworte ich dir innerhalb von 2 Tagen, deine Zeit bleibt bei 4 Tagen \/ 5 Tagen.<\/p>\n\n\n\n<p>Zeitraum und Preis:<\/p>\n\n\n\n<p><strong>1 Monat a \u20ac 350,- <\/strong>, solange du willst oder brauchst<\/p>\n\n\n\n<p><strong>6-Monats-Pakete a \u20ac 1700,- <\/strong><\/p>\n\n\n\n<p>Hinweis: Beim 6-Monats-Paket verschiebt sich die Bedenkzeit von 4 auf 5 Tage. Und jeweils am Anfang des Monats ein vollst\u00e4ndiger Bericht. Dieses Paket wird durch die festgelegte Dauer weniger radikal, daf\u00fcr stabiler konstruiert<\/p>\n\n\n\n<p><strong>2. Pro-Version<\/strong><\/p>\n\n\n\n<p>Die Pro-Version baut auf der Basisversion auf, aber zus\u00e4tzlich wirst du von mir \u00dcbungen und Aufgaben bekommen und ich werde gezielter nachfragen. Diese Version ist tiefgehender, aber auch intensiver und umfassender. Die Zeitr\u00e4ume bleiben identisch, aber ich erhalte <strong>2x<\/strong> im Monat einen vollst\u00e4ndigen Bericht von dir, statt nur einmal im Monat. So bin ich n\u00e4her dran an deinem Fortschritt und kann feiner justieren.<\/p>\n\n\n\n<p>Preis:<\/p>\n\n\n\n<p><strong>1 Monat: \u20ac 450,- <\/strong><\/p>\n\n\n\n<p><strong>6-Monats-Pakete: \u20ac 2200,-<\/strong><\/p>\n\n\n\n<p>Hinweis: das 6-Moants-Paket Pro ist das teuerste, aber hier bekommst du mit Sicherheit das meiste f\u00fcr dein Geld. Die Wahl des Paketes ist bereits ein erster Hinweis, wie stark dein Thema auf dich wirkt und was du bereit bist zu tun bzw. wie weit du bereit bist zu gehen.<\/p>\n","protected":false},"excerpt":{"rendered":"<p>Bewusstseins-Coaching (Mario) Im Bewusstseins-Coaching mit Mario tauchst du ein in eine F\u00fclle von Erkenntnissen, die nicht auf Wissen, sondern gelebten [&hellip;]<\/p>\n","protected":false},"author":1,"featured_media":0,"parent":0,"menu_order":0,"comment_status":"closed","ping_status":"closed","template":"","meta":{"site-sidebar-layout":"default","site-content-layout":"","ast-site-content-layout":"default","site-content-style":"default","site-sidebar-style":"default","ast-global-header-display":"","ast-banner-title-visibility":"","ast-main-header-display":"","ast-hfb-above-header-display":"","ast-hfb-below-header-display":"","ast-hfb-mobile-header-display":"","site-post-title":"","ast-breadcrumbs-content":"","ast-featured-img":"","footer-sml-layout":"","ast-disable-related-posts":"","theme-transparent-header-meta":"","adv-header-id-meta":"","stick-header-meta":"","header-above-stick-meta":"","header-main-stick-meta":"","header-below-stick-meta":"","astra-migrate-meta-layouts":"default","ast-page-background-enabled":"default","ast-page-background-meta":{"desktop":{"background-color":"var(--ast-global-color-4)","background-image":"","background-repeat":"repeat","background-position":"center center","background-size":"auto","background-attachment":"scroll","background-type":"","background-media":"","overlay-type":"","overlay-color":"","overlay-opacity":"","overlay-gradient":""},"tablet":{"background-color":"","background-image":"","background-repeat":"repeat","background-position":"center center","background-size":"auto","background-attachment":"scroll","background-type":"","background-media":"","overlay-type":"","overlay-color":"","overlay-opacity":"","overlay-gradient":""},"mobile":{"background-color":"","background-image":"","background-repeat":"repeat","background-position":"center center","background-size":"auto","background-attachment":"scroll","background-type":"","background-media":"","overlay-type":"","overlay-color":"","overlay-opacity":"","overlay-gradient":""}},"ast-content-background-meta":{"desktop":{"background-color":"var(--ast-global-color-5)","background-image":"","background-repeat":"repeat","background-position":"center center","background-size":"auto","background-attachment":"scroll","background-type":"","background-media":"","overlay-type":"","overlay-color":"","overlay-opacity":"","overlay-gradient":""},"tablet":{"background-color":"var(--ast-global-color-5)","background-image":"","background-repeat":"repeat","background-position":"center center","background-size":"auto","background-attachment":"scroll","background-type":"","background-media":"","overlay-type":"","overlay-color":"","overlay-opacity":"","overlay-gradient":""},"mobile":{"background-color":"var(--ast-global-color-5)","background-image":"","background-repeat":"repeat","background-position":"center center","background-size":"auto","background-attachment":"scroll","background-type":"","background-media":"","overlay-type":"","overlay-color":"","overlay-opacity":"","overlay-gradient":""}},"footnotes":""},"class_list":["post-341","page","type-page","status-publish","hentry"],"_links":{"self":[{"href":"https:\/\/holawa.de\/index.php?rest_route=\/wp\/v2\/pages\/341","targetHints":{"allow":["GET"]}}],"collection":[{"href":"https:\/\/holawa.de\/index.php?rest_route=\/wp\/v2\/pages"}],"about":[{"href":"https:\/\/holawa.de\/index.php?rest_route=\/wp\/v2\/types\/page"}],"author":[{"embeddable":true,"href":"https:\/\/holawa.de\/index.php?rest_route=\/wp\/v2\/users\/1"}],"replies":[{"embeddable":true,"href":"https:\/\/holawa.de\/index.php?rest_route=%2Fwp%2Fv2%2Fcomments&post=341"}],"version-history":[{"count":9,"href":"https:\/\/holawa.de\/index.php?rest_route=\/wp\/v2\/pages\/341\/revisions"}],"predecessor-version":[{"id":477,"href":"https:\/\/holawa.de\/index.php?rest_route=\/wp\/v2\/pages\/341\/revisions\/477"}],"wp:attachment":[{"href":"https:\/\/holawa.de\/index.php?rest_route=%2Fwp%2Fv2%2Fmedia&parent=341"}],"curies":[{"name":"wp","href":"https:\/\/api.w.org\/{rel}","templated":true}]}}