{"id":311,"date":"2024-10-22T21:30:16","date_gmt":"2024-10-22T21:30:16","guid":{"rendered":"https:\/\/holawa.de\/?page_id=311"},"modified":"2026-04-07T20:03:24","modified_gmt":"2026-04-07T20:03:24","slug":"kleine-metamorphose","status":"publish","type":"page","link":"https:\/\/holawa.de\/?page_id=311","title":{"rendered":"Kleine Metamorphose (Susanne)"},"content":{"rendered":"\n<h2 class=\"wp-block-heading has-text-align-center\">Kleine Metamorphose (Susanne)<\/h2>\n\n\n\n<p>W\u00e4hrend der Metamorphose gehst du nach innen, du erinnerst dich. Dies wird bildhaft geschehen, denn die Seele in ihrer Funktion als Sammelbecken gemachter Erfahrung dr\u00fcckt sich in Bildern aus. Dabei nutzen wir die Bezeichnung &#8222;vergangene Leben&#8220; als Ausdrucksfl\u00e4che der Seele. Diese Begrifflichkeit ist nur ein Werkzeug; f\u00fcr den Erfolg der Sitzungen ist es unerheblich, ob du an fr\u00fchere Leben glaubst. Es geht nicht um Beweisbarkeit, ob die Bilder, die w\u00e4hrend der Sitzungen auftauchen, wirklich aus jenem angenommenen Erfahrungsbereich stammen. Es geht darum, dass diese Bilder dir entspringen \u2013 nur dir!<\/p>\n\n\n\n<p>Im kl\u00e4renden, reflektierenden Vor- und Nachgespr\u00e4ch zu jeder Sitzung findest du eigene Antworten bez\u00fcglich deiner inneren Ordnung und deines Platzes in der Welt. <\/p>\n\n\n\n<p>Die Hilfsmittel des katathymen Bilderns und des forcierten Atmens ben\u00f6tigen wir, um uns auf tiefere Ebenen einzulassen. Diese besondere Atemtechnik f\u00fchrt schnell zu einem Energie\u00fcberschuss im K\u00f6rper. Dieser Energie\u00fcberschuss wird genutzt, um \u00c4ngste und Blockaden zu \u00fcberwinden und Kan\u00e4le zu unterbewussten Erinnerungen zu \u00f6ffnen. Die Technik dieses Atmens ist eine ganz nat\u00fcrliche Atemweise, die bei k\u00f6rperlicher Anstrengung automatisch angewendet wird, um den K\u00f6rper schnellstm\u00f6glich mit Energie und Sauerstoff zu versorgen. Der einzige Unterschied ist der, dass die Technik ohne k\u00f6rperliche Bet\u00e4tigung zur Anwendung kommt; dies f\u00fchrt zu einem erh\u00f6hten Energie-und Sauerstoffniveau im K\u00f6rper, da beides nicht im selben Ma\u00dfe verbraucht wird wie es aufgenommen wird.&nbsp;Durch das forcierte Atmen kommt ein sehr schneller und intensiver Kontakt zwischen unserem&nbsp;K\u00f6rperbewusstsein und unterbewussten psychischen Schichten zustande.&nbsp;\u00dcber das gef\u00fchlsgebundene&nbsp;<strong>Bildern<\/strong>&nbsp;kann sich die Seele im Verlauf der meisten Sitzungen in&nbsp;ihrer ureigenen Sprache direkt \u00e4u\u00dfern.&nbsp;<\/p>\n\n\n\n<p>5 Sitzungen an 5 aufeinanderfolgenden Tagen, (wer sich An- und Abfahrt sparen m\u00f6chte, kann in unserer G\u00e4stewohnung \u00fcbernachten, welche wir in Verbindung mit der Metamorphose f\u00fcr $25\/Nacht zur Verf\u00fcgung stellen).                                                                      Kosten $ 500,-<\/p>\n\n\n\n<p><\/p>\n\n\n\n<p><\/p>\n","protected":false},"excerpt":{"rendered":"<p>Kleine Metamorphose (Susanne) W\u00e4hrend der Metamorphose gehst du nach innen, du erinnerst dich. Dies wird bildhaft geschehen, denn die Seele [&hellip;]<\/p>\n","protected":false},"author":1,"featured_media":0,"parent":0,"menu_order":0,"comment_status":"closed","ping_status":"closed","template":"","meta":{"site-sidebar-layout":"default","site-content-layout":"","ast-site-content-layout":"default","site-content-style":"default","site-sidebar-style":"default","ast-global-header-display":"","ast-banner-title-visibility":"","ast-main-header-display":"","ast-hfb-above-header-display":"","ast-hfb-below-header-display":"","ast-hfb-mobile-header-display":"","site-post-title":"","ast-breadcrumbs-content":"","ast-featured-img":"","footer-sml-layout":"","ast-disable-related-posts":"","theme-transparent-header-meta":"","adv-header-id-meta":"","stick-header-meta":"","header-above-stick-meta":"","header-main-stick-meta":"","header-below-stick-meta":"","astra-migrate-meta-layouts":"default","ast-page-background-enabled":"default","ast-page-background-meta":{"desktop":{"background-color":"var(--ast-global-color-4)","background-image":"","background-repeat":"repeat","background-position":"center center","background-size":"auto","background-attachment":"scroll","background-type":"","background-media":"","overlay-type":"","overlay-color":"","overlay-opacity":"","overlay-gradient":""},"tablet":{"background-color":"","background-image":"","background-repeat":"repeat","background-position":"center center","background-size":"auto","background-attachment":"scroll","background-type":"","background-media":"","overlay-type":"","overlay-color":"","overlay-opacity":"","overlay-gradient":""},"mobile":{"background-color":"","background-image":"","background-repeat":"repeat","background-position":"center center","background-size":"auto","background-attachment":"scroll","background-type":"","background-media":"","overlay-type":"","overlay-color":"","overlay-opacity":"","overlay-gradient":""}},"ast-content-background-meta":{"desktop":{"background-color":"var(--ast-global-color-5)","background-image":"","background-repeat":"repeat","background-position":"center center","background-size":"auto","background-attachment":"scroll","background-type":"","background-media":"","overlay-type":"","overlay-color":"","overlay-opacity":"","overlay-gradient":""},"tablet":{"background-color":"var(--ast-global-color-5)","background-image":"","background-repeat":"repeat","background-position":"center center","background-size":"auto","background-attachment":"scroll","background-type":"","background-media":"","overlay-type":"","overlay-color":"","overlay-opacity":"","overlay-gradient":""},"mobile":{"background-color":"var(--ast-global-color-5)","background-image":"","background-repeat":"repeat","background-position":"center center","background-size":"auto","background-attachment":"scroll","background-type":"","background-media":"","overlay-type":"","overlay-color":"","overlay-opacity":"","overlay-gradient":""}},"footnotes":""},"class_list":["post-311","page","type-page","status-publish","hentry"],"_links":{"self":[{"href":"https:\/\/holawa.de\/index.php?rest_route=\/wp\/v2\/pages\/311","targetHints":{"allow":["GET"]}}],"collection":[{"href":"https:\/\/holawa.de\/index.php?rest_route=\/wp\/v2\/pages"}],"about":[{"href":"https:\/\/holawa.de\/index.php?rest_route=\/wp\/v2\/types\/page"}],"author":[{"embeddable":true,"href":"https:\/\/holawa.de\/index.php?rest_route=\/wp\/v2\/users\/1"}],"replies":[{"embeddable":true,"href":"https:\/\/holawa.de\/index.php?rest_route=%2Fwp%2Fv2%2Fcomments&post=311"}],"version-history":[{"count":7,"href":"https:\/\/holawa.de\/index.php?rest_route=\/wp\/v2\/pages\/311\/revisions"}],"predecessor-version":[{"id":471,"href":"https:\/\/holawa.de\/index.php?rest_route=\/wp\/v2\/pages\/311\/revisions\/471"}],"wp:attachment":[{"href":"https:\/\/holawa.de\/index.php?rest_route=%2Fwp%2Fv2%2Fmedia&parent=311"}],"curies":[{"name":"wp","href":"https:\/\/api.w.org\/{rel}","templated":true}]}}