{"id":308,"date":"2024-10-22T21:29:05","date_gmt":"2024-10-22T21:29:05","guid":{"rendered":"https:\/\/holawa.de\/?page_id=308"},"modified":"2026-04-07T20:02:42","modified_gmt":"2026-04-07T20:02:42","slug":"aufstellungen-walking-in-your-shoes","status":"publish","type":"page","link":"https:\/\/holawa.de\/?page_id=308","title":{"rendered":"Aufstellungen \/ Walking in your shoes (Susanne)"},"content":{"rendered":"\n<h2 class=\"wp-block-heading has-text-align-center\">Aufstellungen (Susanne)<\/h2>\n\n\n\n<p>In einer Familienaufstellung&nbsp; wird sichtbar, wie tief und unterschiedlich die Mitglieder einer Familie miteinander verbunden und oft auch miteinander verstrickt sind. Das L\u00f6sen dieser Verstrickungen f\u00fchrt zur\u00fcck in eine nat\u00fcrliche Ordnung, in der jeder seinen ihm gem\u00e4\u00dfen Platz findet. Neben dem Aufstellen von Herkunftssystemen (Vater, Mutter, Geschwister etc.) gehen wir u. a. auch auf gegenw\u00e4rtige Beziehungen ein. So h\u00e4ngt das Gelingen von Liebesbeziehungen oft davon ab, welchen Platz wir der Frau\/dem Mann an unserer Seite geben. Oft sind wir nicht frei f\u00fcr Begegnung, N\u00e4he und Beziehung, weil wir noch im Herkunftssystem an die Schicksale anderer gebunden sind.<\/p>\n\n\n\n<p>Im gesch\u00fctzten Rahmen des Aufstellungstages w\u00e4hlst du aus der Teilnehmergruppe einen Stellvertreter f\u00fcr dich selbst und z. B. f\u00fcr Familienmitglieder, sonstige Personen oder Anteile und stellst diese so im Raum auf, wie es deinem inneren Bild entspricht. Schnell werden die derzeitig wirkenden Dynamiken im System sichtbar und L\u00f6sungen k\u00f6nnen sich ent-wickeln.<\/p>\n\n\n\n<p>Kosten Aufstellender: $75,-                                                                                                                                                                  Kosten Stellvertreter: $5,-<\/p>\n\n\n\n<h2 class=\"wp-block-heading has-text-align-center\">Walking in your shoes (Susanne)<\/h2>\n\n\n\n<p>Diese Methode ist einfach und tiefgreifend. Jemand erkl\u00e4rt seine Absicht, eine andere Person zu sein und beginnt, sich im Raum zu bewegen. Dabei stimmt er sich ganz auf die Energien und Gef\u00fchle der anderen Person ein. In einem Walking-Prozess erf\u00e4hrt man eine Bewegung, eine Art Verlagerung der Bewusstheit und bringt spontan Aspekte des Verhaltens und Lebensthemen der Person, die man &#8222;geht&#8220;, zum Ausdruck.<\/p>\n\n\n\n<p>Kosten: $ 45,-<\/p>\n\n\n\n<p><\/p>\n","protected":false},"excerpt":{"rendered":"<p>Aufstellungen (Susanne) In einer Familienaufstellung&nbsp; wird sichtbar, wie tief und unterschiedlich die Mitglieder einer Familie miteinander verbunden und oft auch [&hellip;]<\/p>\n","protected":false},"author":1,"featured_media":0,"parent":0,"menu_order":0,"comment_status":"closed","ping_status":"closed","template":"","meta":{"site-sidebar-layout":"default","site-content-layout":"","ast-site-content-layout":"default","site-content-style":"default","site-sidebar-style":"default","ast-global-header-display":"","ast-banner-title-visibility":"","ast-main-header-display":"","ast-hfb-above-header-display":"","ast-hfb-below-header-display":"","ast-hfb-mobile-header-display":"","site-post-title":"","ast-breadcrumbs-content":"","ast-featured-img":"","footer-sml-layout":"","ast-disable-related-posts":"","theme-transparent-header-meta":"","adv-header-id-meta":"","stick-header-meta":"","header-above-stick-meta":"","header-main-stick-meta":"","header-below-stick-meta":"","astra-migrate-meta-layouts":"default","ast-page-background-enabled":"default","ast-page-background-meta":{"desktop":{"background-color":"var(--ast-global-color-4)","background-image":"","background-repeat":"repeat","background-position":"center center","background-size":"auto","background-attachment":"scroll","background-type":"","background-media":"","overlay-type":"","overlay-color":"","overlay-opacity":"","overlay-gradient":""},"tablet":{"background-color":"","background-image":"","background-repeat":"repeat","background-position":"center center","background-size":"auto","background-attachment":"scroll","background-type":"","background-media":"","overlay-type":"","overlay-color":"","overlay-opacity":"","overlay-gradient":""},"mobile":{"background-color":"","background-image":"","background-repeat":"repeat","background-position":"center center","background-size":"auto","background-attachment":"scroll","background-type":"","background-media":"","overlay-type":"","overlay-color":"","overlay-opacity":"","overlay-gradient":""}},"ast-content-background-meta":{"desktop":{"background-color":"var(--ast-global-color-5)","background-image":"","background-repeat":"repeat","background-position":"center center","background-size":"auto","background-attachment":"scroll","background-type":"","background-media":"","overlay-type":"","overlay-color":"","overlay-opacity":"","overlay-gradient":""},"tablet":{"background-color":"var(--ast-global-color-5)","background-image":"","background-repeat":"repeat","background-position":"center center","background-size":"auto","background-attachment":"scroll","background-type":"","background-media":"","overlay-type":"","overlay-color":"","overlay-opacity":"","overlay-gradient":""},"mobile":{"background-color":"var(--ast-global-color-5)","background-image":"","background-repeat":"repeat","background-position":"center center","background-size":"auto","background-attachment":"scroll","background-type":"","background-media":"","overlay-type":"","overlay-color":"","overlay-opacity":"","overlay-gradient":""}},"footnotes":""},"class_list":["post-308","page","type-page","status-publish","hentry"],"_links":{"self":[{"href":"https:\/\/holawa.de\/index.php?rest_route=\/wp\/v2\/pages\/308","targetHints":{"allow":["GET"]}}],"collection":[{"href":"https:\/\/holawa.de\/index.php?rest_route=\/wp\/v2\/pages"}],"about":[{"href":"https:\/\/holawa.de\/index.php?rest_route=\/wp\/v2\/types\/page"}],"author":[{"embeddable":true,"href":"https:\/\/holawa.de\/index.php?rest_route=\/wp\/v2\/users\/1"}],"replies":[{"embeddable":true,"href":"https:\/\/holawa.de\/index.php?rest_route=%2Fwp%2Fv2%2Fcomments&post=308"}],"version-history":[{"count":8,"href":"https:\/\/holawa.de\/index.php?rest_route=\/wp\/v2\/pages\/308\/revisions"}],"predecessor-version":[{"id":470,"href":"https:\/\/holawa.de\/index.php?rest_route=\/wp\/v2\/pages\/308\/revisions\/470"}],"wp:attachment":[{"href":"https:\/\/holawa.de\/index.php?rest_route=%2Fwp%2Fv2%2Fmedia&parent=308"}],"curies":[{"name":"wp","href":"https:\/\/api.w.org\/{rel}","templated":true}]}}