{"id":295,"date":"2024-10-22T21:30:32","date_gmt":"2024-10-22T21:30:32","guid":{"rendered":"https:\/\/holawa.de\/?page_id=295"},"modified":"2026-04-07T19:59:01","modified_gmt":"2026-04-07T19:59:01","slug":"unsere-angebote","status":"publish","type":"page","link":"https:\/\/holawa.de\/?page_id=295","title":{"rendered":"unsere Angebote"},"content":{"rendered":"\n<h2 class=\"wp-block-heading has-text-align-center\">unsere Angebote<\/h2>\n\n\n\n<figure class=\"wp-block-image aligncenter size-full is-resized is-style-default\"><img loading=\"lazy\" decoding=\"async\" width=\"428\" height=\"641\" src=\"https:\/\/holawa.de\/wp-content\/uploads\/2026\/04\/IMG_20250212_083649.jpg\" alt=\"\" class=\"wp-image-465\" style=\"aspect-ratio:0.6677148846960168;width:243px;height:auto\" srcset=\"https:\/\/holawa.de\/wp-content\/uploads\/2026\/04\/IMG_20250212_083649.jpg 428w, https:\/\/holawa.de\/wp-content\/uploads\/2026\/04\/IMG_20250212_083649-200x300.jpg 200w\" sizes=\"auto, (max-width: 428px) 100vw, 428px\" \/><\/figure>\n\n\n\n<p>Ich bin kein Guru. Ich bin nicht erleuchtet und bezeichne mich auch nicht als erwacht. Meine Wahrheit beruht auf einer Auseinandersetzung mit Wahrheit, Weisheit, Erkenntnis, Bewusstsein und mir selbst. Anders als die meisten Lehrer und Meister bin ich keiner religi\u00f6sen oder spirituellen Lehre gefolgt, sondern einem Weg, der mich12 Jahre lang in die entlegensten Winkel der Erde gef\u00fchrt hat, auf dem ich die gr\u00f6\u00dften Meister und Lehrer in den einfachsten Menschen gefunden habe. Und so am Ende erkannt habe, dass der gr\u00f6\u00dfte Meister und Lehrer der war, der sich dieser Reise, diesem Weg hingegeben hat.<\/p>\n\n\n\n<p>Hier biete ich auf Nachfrage <a href=\"https:\/\/holawa.de\/?page_id=341\" data-type=\"page\" data-id=\"341\">Bewusstseins-Coaching<\/a> und <a href=\"https:\/\/holawa.de\/?page_id=65\" data-type=\"page\" data-id=\"65\">Reading<\/a> an.<\/p>\n\n\n\n<p><\/p>\n\n\n\n<figure class=\"wp-block-image aligncenter size-full is-resized is-style-default\"><img loading=\"lazy\" decoding=\"async\" width=\"1547\" height=\"1776\" src=\"https:\/\/holawa.de\/wp-content\/uploads\/2026\/04\/IMG_20250601_121201.jpg\" alt=\"\" class=\"wp-image-467\" style=\"width:250px;height:auto\" srcset=\"https:\/\/holawa.de\/wp-content\/uploads\/2026\/04\/IMG_20250601_121201.jpg 1547w, https:\/\/holawa.de\/wp-content\/uploads\/2026\/04\/IMG_20250601_121201-261x300.jpg 261w, https:\/\/holawa.de\/wp-content\/uploads\/2026\/04\/IMG_20250601_121201-892x1024.jpg 892w, https:\/\/holawa.de\/wp-content\/uploads\/2026\/04\/IMG_20250601_121201-768x882.jpg 768w, https:\/\/holawa.de\/wp-content\/uploads\/2026\/04\/IMG_20250601_121201-1338x1536.jpg 1338w\" sizes=\"auto, (max-width: 1547px) 100vw, 1547px\" \/><\/figure>\n\n\n\n<p>Ich war 20 Jahre psychotherapeutisch t\u00e4tig in eigener Praxis mit angeschlossenem Seminarhaus. Meine Arbeitsweise basierte auf Wissen und Erfahrungen im Bereich k\u00f6rperorientierter Psychotherapie, systemischer Aufstellungsarbeit, den Archetypen der Seele nach Dr. Varda Hasselmann und Frank Schmolke, Reinkarnationstherapie und Rebirthing, gepaart mit hoher Sensitivit\u00e4t,&nbsp;Intuition und&nbsp;Inspiration. Ich habe dies alles f\u00fcr mich in Deutschland beendet und auch dort zur\u00fcckgelassen. Jedoch. Das Wissen und die Erfahrung \u00fcber tief in der Psyche abgelegte Muster und Konditionierungen hat sich wie in meine Zellen impr\u00e4gniert und ist f\u00fcr Andere wahrnehmbar. So wurde ich hier um Aufstellungen und psychologische Begleitungen gebeten. Nun habe ich mich entschlossen, ausschlie\u00dflich auf Nachfrage ein kleines Programm mit aufdeckenden Methoden anzubieten.<\/p>\n\n\n\n<p>Dazu z\u00e4hlen <a href=\"https:\/\/holawa.de\/?page_id=308\" data-type=\"page\" data-id=\"308\">Aufstellungen<\/a> (online und live), <a href=\"https:\/\/holawa.de\/?page_id=64\" data-type=\"page\" data-id=\"64\">psychologische Coachings<\/a> (online und live) und die 5-t\u00e4gige <a href=\"https:\/\/holawa.de\/?page_id=311\" data-type=\"page\" data-id=\"311\">kleine Metamorphose<\/a>, hier auf der Finca Holawa.<\/p>\n\n\n\n<p>Neben unserer Arbeit und unseren Angeboten hier in Panama bin ich seit April 2025 aus Freude unternehmerisch t\u00e4tig. Ich begleite, wie oben beschrieben, nur noch auf Nachfrage Menschen in offenen pers\u00f6nlichen Prozessen oder biete so etwas wie Coaching an. Was ich teile, ist <strong>Orientierung<\/strong>. Was ich anbiete, ist eine <strong>Business-Partnerschaft<\/strong>. <\/p>\n\n\n\n<p>Menschen finden zu mir, weil sie sp\u00fcren, dass sie innerlich an einem Punkt stehen, an dem blo\u00dfes Nachdenken nicht mehr reicht.<br>Sie wissen, dass ein Schritt n\u00f6tig ist \u2013 nicht irgendeiner, sondern ein bewusster.<\/p>\n\n\n\n<p>Eine Zusammenarbeit beginnt dort, wo Entscheidung und Verantwortung zusammenkommen. Business ist dabei kein Zusatz,<br>sondern der <strong>Rahmen<\/strong>, in dem Klarheit, Ausrichtung und Umsetzung m\u00f6glich werden.<\/p>\n\n\n\n<p>Nach dem Kontakt berichten viele, dass sie innerlich aufger\u00e4umter sind, klarer sehen und entschlossener handeln. Nicht, weil ihnen etwas abgenommen wird \u2013 sondern weil Ordnung entsteht. <\/p>\n\n\n\n<p>Dieses Angebot richtet sich an Menschen, die nicht konsumieren wollen, sondern bereit sind, einen eigenen Weg zu gehen<br>und ihn unternehmerisch zu tragen.<\/p>\n\n\n\n<p><\/p>\n\n\n\n<p><\/p>\n","protected":false},"excerpt":{"rendered":"<p>unsere Angebote Ich bin kein Guru. Ich bin nicht erleuchtet und bezeichne mich auch nicht als erwacht. Meine Wahrheit beruht [&hellip;]<\/p>\n","protected":false},"author":1,"featured_media":0,"parent":0,"menu_order":0,"comment_status":"closed","ping_status":"closed","template":"","meta":{"site-sidebar-layout":"default","site-content-layout":"","ast-site-content-layout":"default","site-content-style":"default","site-sidebar-style":"default","ast-global-header-display":"","ast-banner-title-visibility":"","ast-main-header-display":"","ast-hfb-above-header-display":"","ast-hfb-below-header-display":"","ast-hfb-mobile-header-display":"","site-post-title":"","ast-breadcrumbs-content":"","ast-featured-img":"","footer-sml-layout":"","ast-disable-related-posts":"","theme-transparent-header-meta":"","adv-header-id-meta":"","stick-header-meta":"","header-above-stick-meta":"","header-main-stick-meta":"","header-below-stick-meta":"","astra-migrate-meta-layouts":"default","ast-page-background-enabled":"default","ast-page-background-meta":{"desktop":{"background-color":"var(--ast-global-color-4)","background-image":"","background-repeat":"repeat","background-position":"center center","background-size":"auto","background-attachment":"scroll","background-type":"","background-media":"","overlay-type":"","overlay-color":"","overlay-opacity":"","overlay-gradient":""},"tablet":{"background-color":"","background-image":"","background-repeat":"repeat","background-position":"center center","background-size":"auto","background-attachment":"scroll","background-type":"","background-media":"","overlay-type":"","overlay-color":"","overlay-opacity":"","overlay-gradient":""},"mobile":{"background-color":"","background-image":"","background-repeat":"repeat","background-position":"center center","background-size":"auto","background-attachment":"scroll","background-type":"","background-media":"","overlay-type":"","overlay-color":"","overlay-opacity":"","overlay-gradient":""}},"ast-content-background-meta":{"desktop":{"background-color":"var(--ast-global-color-5)","background-image":"","background-repeat":"repeat","background-position":"center center","background-size":"auto","background-attachment":"scroll","background-type":"","background-media":"","overlay-type":"","overlay-color":"","overlay-opacity":"","overlay-gradient":""},"tablet":{"background-color":"var(--ast-global-color-5)","background-image":"","background-repeat":"repeat","background-position":"center center","background-size":"auto","background-attachment":"scroll","background-type":"","background-media":"","overlay-type":"","overlay-color":"","overlay-opacity":"","overlay-gradient":""},"mobile":{"background-color":"var(--ast-global-color-5)","background-image":"","background-repeat":"repeat","background-position":"center center","background-size":"auto","background-attachment":"scroll","background-type":"","background-media":"","overlay-type":"","overlay-color":"","overlay-opacity":"","overlay-gradient":""}},"footnotes":""},"class_list":["post-295","page","type-page","status-publish","hentry"],"_links":{"self":[{"href":"https:\/\/holawa.de\/index.php?rest_route=\/wp\/v2\/pages\/295","targetHints":{"allow":["GET"]}}],"collection":[{"href":"https:\/\/holawa.de\/index.php?rest_route=\/wp\/v2\/pages"}],"about":[{"href":"https:\/\/holawa.de\/index.php?rest_route=\/wp\/v2\/types\/page"}],"author":[{"embeddable":true,"href":"https:\/\/holawa.de\/index.php?rest_route=\/wp\/v2\/users\/1"}],"replies":[{"embeddable":true,"href":"https:\/\/holawa.de\/index.php?rest_route=%2Fwp%2Fv2%2Fcomments&post=295"}],"version-history":[{"count":23,"href":"https:\/\/holawa.de\/index.php?rest_route=\/wp\/v2\/pages\/295\/revisions"}],"predecessor-version":[{"id":468,"href":"https:\/\/holawa.de\/index.php?rest_route=\/wp\/v2\/pages\/295\/revisions\/468"}],"wp:attachment":[{"href":"https:\/\/holawa.de\/index.php?rest_route=%2Fwp%2Fv2%2Fmedia&parent=295"}],"curies":[{"name":"wp","href":"https:\/\/api.w.org\/{rel}","templated":true}]}}