{"id":232,"date":"2024-09-25T20:53:49","date_gmt":"2024-09-25T20:53:49","guid":{"rendered":"https:\/\/holawa.de\/?page_id=232"},"modified":"2025-04-05T20:23:38","modified_gmt":"2025-04-05T20:23:38","slug":"vom-traum-zur-realitaet","status":"publish","type":"page","link":"https:\/\/holawa.de\/?page_id=232","title":{"rendered":"vom Traum zur Realit\u00e4t"},"content":{"rendered":"\n<p class=\"has-text-align-center\">vom Traum zur Realit\u00e4t<\/p>\n\n\n\n<p><strong>Dezember 2023<\/strong> Wir k\u00f6nnen uns gar nicht sattsehen an der F\u00fclle.<\/p>\n\n\n\n<figure class=\"wp-block-gallery has-nested-images columns-default is-cropped wp-block-gallery-1 is-layout-flex wp-block-gallery-is-layout-flex\">\n<figure class=\"wp-block-image size-large\"><img loading=\"lazy\" decoding=\"async\" width=\"1024\" height=\"403\" data-id=\"239\" src=\"https:\/\/holawa.de\/wp-content\/uploads\/2024\/09\/IMG_20230906_093509-2-1024x403.jpg\" alt=\"\" class=\"wp-image-239\" srcset=\"https:\/\/holawa.de\/wp-content\/uploads\/2024\/09\/IMG_20230906_093509-2-1024x403.jpg 1024w, https:\/\/holawa.de\/wp-content\/uploads\/2024\/09\/IMG_20230906_093509-2-300x118.jpg 300w, https:\/\/holawa.de\/wp-content\/uploads\/2024\/09\/IMG_20230906_093509-2-768x302.jpg 768w, https:\/\/holawa.de\/wp-content\/uploads\/2024\/09\/IMG_20230906_093509-2.jpg 1459w\" sizes=\"auto, (max-width: 1024px) 100vw, 1024px\" \/><\/figure>\n\n\n\n<figure class=\"wp-block-image size-large\"><img loading=\"lazy\" decoding=\"async\" width=\"1024\" height=\"432\" data-id=\"233\" src=\"https:\/\/holawa.de\/wp-content\/uploads\/2024\/09\/IMG_20231211_093447-1024x432.jpg\" alt=\"\" class=\"wp-image-233\" srcset=\"https:\/\/holawa.de\/wp-content\/uploads\/2024\/09\/IMG_20231211_093447-1024x432.jpg 1024w, https:\/\/holawa.de\/wp-content\/uploads\/2024\/09\/IMG_20231211_093447-300x127.jpg 300w, https:\/\/holawa.de\/wp-content\/uploads\/2024\/09\/IMG_20231211_093447-768x324.jpg 768w, https:\/\/holawa.de\/wp-content\/uploads\/2024\/09\/IMG_20231211_093447.jpg 1094w\" sizes=\"auto, (max-width: 1024px) 100vw, 1024px\" \/><\/figure>\n\n\n\n<figure class=\"wp-block-image size-large\"><img loading=\"lazy\" decoding=\"async\" width=\"957\" height=\"413\" data-id=\"236\" src=\"https:\/\/holawa.de\/wp-content\/uploads\/2024\/09\/IMG_20231211_093456.jpg\" alt=\"\" class=\"wp-image-236\" srcset=\"https:\/\/holawa.de\/wp-content\/uploads\/2024\/09\/IMG_20231211_093456.jpg 957w, https:\/\/holawa.de\/wp-content\/uploads\/2024\/09\/IMG_20231211_093456-300x129.jpg 300w, https:\/\/holawa.de\/wp-content\/uploads\/2024\/09\/IMG_20231211_093456-768x331.jpg 768w\" sizes=\"auto, (max-width: 957px) 100vw, 957px\" \/><\/figure>\n\n\n\n<figure class=\"wp-block-image size-large\"><img loading=\"lazy\" decoding=\"async\" width=\"957\" height=\"427\" data-id=\"237\" src=\"https:\/\/holawa.de\/wp-content\/uploads\/2024\/09\/IMG_20231211_093757.jpg\" alt=\"\" class=\"wp-image-237\" srcset=\"https:\/\/holawa.de\/wp-content\/uploads\/2024\/09\/IMG_20231211_093757.jpg 957w, https:\/\/holawa.de\/wp-content\/uploads\/2024\/09\/IMG_20231211_093757-300x134.jpg 300w, https:\/\/holawa.de\/wp-content\/uploads\/2024\/09\/IMG_20231211_093757-768x343.jpg 768w\" sizes=\"auto, (max-width: 957px) 100vw, 957px\" \/><\/figure>\n\n\n\n<figure class=\"wp-block-image size-large\"><img loading=\"lazy\" decoding=\"async\" width=\"1024\" height=\"570\" data-id=\"238\" src=\"https:\/\/holawa.de\/wp-content\/uploads\/2024\/09\/IMG_20231211_100730-1024x570.jpg\" alt=\"\" class=\"wp-image-238\" srcset=\"https:\/\/holawa.de\/wp-content\/uploads\/2024\/09\/IMG_20231211_100730-1024x570.jpg 1024w, https:\/\/holawa.de\/wp-content\/uploads\/2024\/09\/IMG_20231211_100730-300x167.jpg 300w, https:\/\/holawa.de\/wp-content\/uploads\/2024\/09\/IMG_20231211_100730-768x428.jpg 768w, https:\/\/holawa.de\/wp-content\/uploads\/2024\/09\/IMG_20231211_100730.jpg 1094w\" sizes=\"auto, (max-width: 1024px) 100vw, 1024px\" \/><\/figure>\n\n\n\n<figure class=\"wp-block-image size-large\"><img loading=\"lazy\" decoding=\"async\" width=\"957\" height=\"542\" data-id=\"235\" src=\"https:\/\/holawa.de\/wp-content\/uploads\/2024\/09\/IMG_20231211_103157.jpg\" alt=\"\" class=\"wp-image-235\" srcset=\"https:\/\/holawa.de\/wp-content\/uploads\/2024\/09\/IMG_20231211_103157.jpg 957w, https:\/\/holawa.de\/wp-content\/uploads\/2024\/09\/IMG_20231211_103157-300x170.jpg 300w, https:\/\/holawa.de\/wp-content\/uploads\/2024\/09\/IMG_20231211_103157-768x435.jpg 768w\" sizes=\"auto, (max-width: 957px) 100vw, 957px\" \/><\/figure>\n\n\n\n<figure class=\"wp-block-image size-large\"><img loading=\"lazy\" decoding=\"async\" width=\"820\" height=\"434\" data-id=\"234\" src=\"https:\/\/holawa.de\/wp-content\/uploads\/2024\/09\/IMG_20231217_110603.jpg\" alt=\"\" class=\"wp-image-234\" srcset=\"https:\/\/holawa.de\/wp-content\/uploads\/2024\/09\/IMG_20231217_110603.jpg 820w, https:\/\/holawa.de\/wp-content\/uploads\/2024\/09\/IMG_20231217_110603-300x159.jpg 300w, https:\/\/holawa.de\/wp-content\/uploads\/2024\/09\/IMG_20231217_110603-768x406.jpg 768w\" sizes=\"auto, (max-width: 820px) 100vw, 820px\" \/><\/figure>\n\n\n\n<figure class=\"wp-block-image size-large\"><img loading=\"lazy\" decoding=\"async\" width=\"576\" height=\"768\" data-id=\"242\" src=\"https:\/\/holawa.de\/wp-content\/uploads\/2024\/09\/IMG_20231217_112651.jpg\" alt=\"\" class=\"wp-image-242\" srcset=\"https:\/\/holawa.de\/wp-content\/uploads\/2024\/09\/IMG_20231217_112651.jpg 576w, https:\/\/holawa.de\/wp-content\/uploads\/2024\/09\/IMG_20231217_112651-225x300.jpg 225w\" sizes=\"auto, (max-width: 576px) 100vw, 576px\" \/><\/figure>\n\n\n\n<figure class=\"wp-block-image size-large\"><img loading=\"lazy\" decoding=\"async\" width=\"820\" height=\"365\" data-id=\"240\" src=\"https:\/\/holawa.de\/wp-content\/uploads\/2024\/09\/IMG_20231217_122131.jpg\" alt=\"\" class=\"wp-image-240\" srcset=\"https:\/\/holawa.de\/wp-content\/uploads\/2024\/09\/IMG_20231217_122131.jpg 820w, https:\/\/holawa.de\/wp-content\/uploads\/2024\/09\/IMG_20231217_122131-300x134.jpg 300w, https:\/\/holawa.de\/wp-content\/uploads\/2024\/09\/IMG_20231217_122131-768x342.jpg 768w\" sizes=\"auto, (max-width: 820px) 100vw, 820px\" \/><\/figure>\n\n\n\n<figure class=\"wp-block-image size-large\"><img loading=\"lazy\" decoding=\"async\" width=\"1024\" height=\"448\" data-id=\"243\" src=\"https:\/\/holawa.de\/wp-content\/uploads\/2024\/09\/IMG-20231213-WA0002-1024x448.jpg\" alt=\"\" class=\"wp-image-243\" srcset=\"https:\/\/holawa.de\/wp-content\/uploads\/2024\/09\/IMG-20231213-WA0002-1024x448.jpg 1024w, https:\/\/holawa.de\/wp-content\/uploads\/2024\/09\/IMG-20231213-WA0002-300x131.jpg 300w, https:\/\/holawa.de\/wp-content\/uploads\/2024\/09\/IMG-20231213-WA0002-768x336.jpg 768w, https:\/\/holawa.de\/wp-content\/uploads\/2024\/09\/IMG-20231213-WA0002-1536x671.jpg 1536w, https:\/\/holawa.de\/wp-content\/uploads\/2024\/09\/IMG-20231213-WA0002.jpg 2048w\" sizes=\"auto, (max-width: 1024px) 100vw, 1024px\" \/><\/figure>\n\n\n\n<figure class=\"wp-block-image size-large\"><img loading=\"lazy\" decoding=\"async\" width=\"1024\" height=\"474\" data-id=\"241\" src=\"https:\/\/holawa.de\/wp-content\/uploads\/2024\/09\/IMG-20231221-WA0005-1024x474.jpg\" alt=\"\" class=\"wp-image-241\" srcset=\"https:\/\/holawa.de\/wp-content\/uploads\/2024\/09\/IMG-20231221-WA0005-1024x474.jpg 1024w, https:\/\/holawa.de\/wp-content\/uploads\/2024\/09\/IMG-20231221-WA0005-300x139.jpg 300w, https:\/\/holawa.de\/wp-content\/uploads\/2024\/09\/IMG-20231221-WA0005-768x355.jpg 768w, https:\/\/holawa.de\/wp-content\/uploads\/2024\/09\/IMG-20231221-WA0005-1536x710.jpg 1536w, https:\/\/holawa.de\/wp-content\/uploads\/2024\/09\/IMG-20231221-WA0005.jpg 2048w\" sizes=\"auto, (max-width: 1024px) 100vw, 1024px\" \/><\/figure>\n<\/figure>\n\n\n\n<p><strong>Januar 2024<\/strong> verschiedene M\u00f6beleink\u00e4ufe in David, Gaslieferung und jeden Tag staunen \u00fcber die \u00fcppige Natur<\/p>\n\n\n\n<figure class=\"wp-block-gallery has-nested-images columns-default is-cropped wp-block-gallery-2 is-layout-flex wp-block-gallery-is-layout-flex\">\n<figure class=\"wp-block-image size-large\"><img loading=\"lazy\" decoding=\"async\" width=\"1024\" height=\"768\" data-id=\"254\" src=\"https:\/\/holawa.de\/wp-content\/uploads\/2024\/09\/IMG_20231226_153912-1024x768.jpg\" alt=\"\" class=\"wp-image-254\" srcset=\"https:\/\/holawa.de\/wp-content\/uploads\/2024\/09\/IMG_20231226_153912-1024x768.jpg 1024w, https:\/\/holawa.de\/wp-content\/uploads\/2024\/09\/IMG_20231226_153912-300x225.jpg 300w, https:\/\/holawa.de\/wp-content\/uploads\/2024\/09\/IMG_20231226_153912-768x576.jpg 768w, https:\/\/holawa.de\/wp-content\/uploads\/2024\/09\/IMG_20231226_153912-1536x1152.jpg 1536w, https:\/\/holawa.de\/wp-content\/uploads\/2024\/09\/IMG_20231226_153912-2048x1536.jpg 2048w\" sizes=\"auto, (max-width: 1024px) 100vw, 1024px\" \/><\/figure>\n\n\n\n<figure class=\"wp-block-image size-large\"><img loading=\"lazy\" decoding=\"async\" width=\"768\" height=\"1024\" data-id=\"255\" src=\"https:\/\/holawa.de\/wp-content\/uploads\/2024\/09\/IMG_20231226_153920-768x1024.jpg\" alt=\"\" class=\"wp-image-255\" srcset=\"https:\/\/holawa.de\/wp-content\/uploads\/2024\/09\/IMG_20231226_153920-768x1024.jpg 768w, https:\/\/holawa.de\/wp-content\/uploads\/2024\/09\/IMG_20231226_153920-225x300.jpg 225w, https:\/\/holawa.de\/wp-content\/uploads\/2024\/09\/IMG_20231226_153920-1152x1536.jpg 1152w, https:\/\/holawa.de\/wp-content\/uploads\/2024\/09\/IMG_20231226_153920-1536x2048.jpg 1536w, https:\/\/holawa.de\/wp-content\/uploads\/2024\/09\/IMG_20231226_153920-scaled.jpg 1920w\" sizes=\"auto, (max-width: 768px) 100vw, 768px\" \/><\/figure>\n\n\n\n<figure class=\"wp-block-image size-large\"><img loading=\"lazy\" decoding=\"async\" width=\"768\" height=\"1024\" data-id=\"256\" src=\"https:\/\/holawa.de\/wp-content\/uploads\/2024\/09\/IMG_20240103_090613-768x1024.jpg\" alt=\"\" class=\"wp-image-256\" srcset=\"https:\/\/holawa.de\/wp-content\/uploads\/2024\/09\/IMG_20240103_090613-768x1024.jpg 768w, https:\/\/holawa.de\/wp-content\/uploads\/2024\/09\/IMG_20240103_090613-225x300.jpg 225w, https:\/\/holawa.de\/wp-content\/uploads\/2024\/09\/IMG_20240103_090613-1152x1536.jpg 1152w, https:\/\/holawa.de\/wp-content\/uploads\/2024\/09\/IMG_20240103_090613-1536x2048.jpg 1536w, https:\/\/holawa.de\/wp-content\/uploads\/2024\/09\/IMG_20240103_090613-scaled.jpg 1920w\" sizes=\"auto, (max-width: 768px) 100vw, 768px\" \/><\/figure>\n\n\n\n<figure class=\"wp-block-image size-large\"><img loading=\"lazy\" decoding=\"async\" width=\"1024\" height=\"1024\" data-id=\"250\" src=\"https:\/\/holawa.de\/wp-content\/uploads\/2024\/09\/IMG_20240119_143933_610-1024x1024.webp\" alt=\"\" class=\"wp-image-250\" srcset=\"https:\/\/holawa.de\/wp-content\/uploads\/2024\/09\/IMG_20240119_143933_610-1024x1024.webp 1024w, https:\/\/holawa.de\/wp-content\/uploads\/2024\/09\/IMG_20240119_143933_610-300x300.webp 300w, https:\/\/holawa.de\/wp-content\/uploads\/2024\/09\/IMG_20240119_143933_610-150x150.webp 150w, https:\/\/holawa.de\/wp-content\/uploads\/2024\/09\/IMG_20240119_143933_610-768x768.webp 768w, https:\/\/holawa.de\/wp-content\/uploads\/2024\/09\/IMG_20240119_143933_610.webp 1440w\" sizes=\"auto, (max-width: 1024px) 100vw, 1024px\" \/><\/figure>\n\n\n\n<figure class=\"wp-block-image size-large\"><img loading=\"lazy\" decoding=\"async\" width=\"1024\" height=\"1024\" data-id=\"251\" src=\"https:\/\/holawa.de\/wp-content\/uploads\/2024\/09\/IMG_20240119_143933_627-1024x1024.webp\" alt=\"\" class=\"wp-image-251\" srcset=\"https:\/\/holawa.de\/wp-content\/uploads\/2024\/09\/IMG_20240119_143933_627-1024x1024.webp 1024w, https:\/\/holawa.de\/wp-content\/uploads\/2024\/09\/IMG_20240119_143933_627-300x300.webp 300w, https:\/\/holawa.de\/wp-content\/uploads\/2024\/09\/IMG_20240119_143933_627-150x150.webp 150w, https:\/\/holawa.de\/wp-content\/uploads\/2024\/09\/IMG_20240119_143933_627-768x768.webp 768w, https:\/\/holawa.de\/wp-content\/uploads\/2024\/09\/IMG_20240119_143933_627.webp 1440w\" sizes=\"auto, (max-width: 1024px) 100vw, 1024px\" \/><\/figure>\n\n\n\n<figure class=\"wp-block-image size-large\"><img loading=\"lazy\" decoding=\"async\" width=\"471\" height=\"1024\" data-id=\"249\" src=\"https:\/\/holawa.de\/wp-content\/uploads\/2024\/09\/IMG-20240104-WA0011-471x1024.jpg\" alt=\"\" class=\"wp-image-249\" srcset=\"https:\/\/holawa.de\/wp-content\/uploads\/2024\/09\/IMG-20240104-WA0011-471x1024.jpg 471w, https:\/\/holawa.de\/wp-content\/uploads\/2024\/09\/IMG-20240104-WA0011-138x300.jpg 138w, https:\/\/holawa.de\/wp-content\/uploads\/2024\/09\/IMG-20240104-WA0011-707x1536.jpg 707w, https:\/\/holawa.de\/wp-content\/uploads\/2024\/09\/IMG-20240104-WA0011.jpg 736w\" sizes=\"auto, (max-width: 471px) 100vw, 471px\" \/><\/figure>\n\n\n\n<figure class=\"wp-block-image size-large\"><img loading=\"lazy\" decoding=\"async\" width=\"1024\" height=\"822\" data-id=\"253\" src=\"https:\/\/holawa.de\/wp-content\/uploads\/2024\/09\/IMG-20240117-WA0002-1024x822.jpg\" alt=\"\" class=\"wp-image-253\" srcset=\"https:\/\/holawa.de\/wp-content\/uploads\/2024\/09\/IMG-20240117-WA0002-1024x822.jpg 1024w, https:\/\/holawa.de\/wp-content\/uploads\/2024\/09\/IMG-20240117-WA0002-300x241.jpg 300w, https:\/\/holawa.de\/wp-content\/uploads\/2024\/09\/IMG-20240117-WA0002-768x617.jpg 768w, https:\/\/holawa.de\/wp-content\/uploads\/2024\/09\/IMG-20240117-WA0002-1536x1233.jpg 1536w, https:\/\/holawa.de\/wp-content\/uploads\/2024\/09\/IMG-20240117-WA0002.jpg 2048w\" sizes=\"auto, (max-width: 1024px) 100vw, 1024px\" \/><\/figure>\n\n\n\n<figure class=\"wp-block-image size-large\"><img loading=\"lazy\" decoding=\"async\" width=\"768\" height=\"1024\" data-id=\"252\" src=\"https:\/\/holawa.de\/wp-content\/uploads\/2024\/09\/IMG-20240117-WA0003-768x1024.jpg\" alt=\"\" class=\"wp-image-252\" srcset=\"https:\/\/holawa.de\/wp-content\/uploads\/2024\/09\/IMG-20240117-WA0003-768x1024.jpg 768w, https:\/\/holawa.de\/wp-content\/uploads\/2024\/09\/IMG-20240117-WA0003-225x300.jpg 225w, https:\/\/holawa.de\/wp-content\/uploads\/2024\/09\/IMG-20240117-WA0003-1152x1536.jpg 1152w, https:\/\/holawa.de\/wp-content\/uploads\/2024\/09\/IMG-20240117-WA0003.jpg 1368w\" sizes=\"auto, (max-width: 768px) 100vw, 768px\" \/><\/figure>\n<\/figure>\n\n\n\n<p><\/p>\n\n\n\n<p><strong>Februar 2024<\/strong> Unser Freund Rob besucht uns f\u00fcr 5 Wochen. Wir haben eine intensive Zeit miteinander. Ab Januar 2025 wird er hier bei uns leben. Hier steht er gerade zum 1. Mal auf unserer Terrasse.<\/p>\n\n\n\n<figure class=\"wp-block-embed is-type-video is-provider-youtube wp-block-embed-youtube wp-embed-aspect-16-9 wp-has-aspect-ratio\"><div class=\"wp-block-embed__wrapper\">\n<iframe loading=\"lazy\" title=\"Authentizit\u00e4t.\" width=\"500\" height=\"281\" src=\"https:\/\/www.youtube.com\/embed\/KbbJL134c74?feature=oembed\" frameborder=\"0\" allow=\"accelerometer; autoplay; clipboard-write; encrypted-media; gyroscope; picture-in-picture; web-share\" referrerpolicy=\"strict-origin-when-cross-origin\" allowfullscreen><\/iframe>\n<\/div><\/figure>\n\n\n\n<p><\/p>\n\n\n\n<p>Hier sind wir f\u00fcr 3 Tage in einem Naturresort in Boca Chica. Viel Freude am Video. \u00dcber Likes freuen wir uns nat\u00fcrlich.<\/p>\n\n\n\n<figure class=\"wp-block-embed is-type-video is-provider-youtube wp-block-embed-youtube wp-embed-aspect-16-9 wp-has-aspect-ratio\"><div class=\"wp-block-embed__wrapper\">\n<iframe loading=\"lazy\" title=\"3 Tage im Naturparadies Pacific Bay Resort, Chiriqui\" width=\"500\" height=\"281\" src=\"https:\/\/www.youtube.com\/embed\/e1g_DEE6M5Y?feature=oembed\" frameborder=\"0\" allow=\"accelerometer; autoplay; clipboard-write; encrypted-media; gyroscope; picture-in-picture; web-share\" referrerpolicy=\"strict-origin-when-cross-origin\" allowfullscreen><\/iframe>\n<\/div><\/figure>\n\n\n\n<p><\/p>\n\n\n\n<p><strong>M\u00e4rz 2024<\/strong> Dieses Video erz\u00e4hlt \u00fcber das Erlebte im M\u00e4rz.<\/p>\n\n\n\n<figure class=\"wp-block-embed is-type-video is-provider-youtube wp-block-embed-youtube wp-embed-aspect-4-3 wp-has-aspect-ratio\"><div class=\"wp-block-embed__wrapper\">\n<iframe loading=\"lazy\" title=\"Was war los im M\u00e4rz\" width=\"500\" height=\"375\" src=\"https:\/\/www.youtube.com\/embed\/Vzv-2qGENQU?feature=oembed\" frameborder=\"0\" allow=\"accelerometer; autoplay; clipboard-write; encrypted-media; gyroscope; picture-in-picture; web-share\" referrerpolicy=\"strict-origin-when-cross-origin\" allowfullscreen><\/iframe>\n<\/div><\/figure>\n\n\n\n<p><\/p>\n\n\n\n<p><strong>April 2024<\/strong>  Und hier das Video April, April <\/p>\n\n\n\n<figure class=\"wp-block-embed is-type-video is-provider-youtube wp-block-embed-youtube wp-embed-aspect-16-9 wp-has-aspect-ratio\"><div class=\"wp-block-embed__wrapper\">\n<iframe loading=\"lazy\" title=\"April, April\" width=\"500\" height=\"281\" src=\"https:\/\/www.youtube.com\/embed\/zp5XfX4OeF8?feature=oembed\" frameborder=\"0\" allow=\"accelerometer; autoplay; clipboard-write; encrypted-media; gyroscope; picture-in-picture; web-share\" referrerpolicy=\"strict-origin-when-cross-origin\" allowfullscreen><\/iframe>\n<\/div><\/figure>\n\n\n\n<p><\/p>\n\n\n\n<p><strong>April bis August 2024<\/strong> wurde das ehemalige Milchhaus in 2 Wohnungen umgebaut. Die eine f\u00fcr uns, die andere f\u00fcr Rob. Das Farmhaus, das wir zuerst bewohnten, ist vermietet. Au\u00dferdem ist aus dem Ziegenstall eine Terrasse geworden, auf der bereits schon 1x systemische Aufstellungen stattfanden. Und bis Dezember wird auch die G\u00e4stewohnung fertiggestellt sein. <\/p>\n\n\n\n<figure class=\"wp-block-embed is-type-video is-provider-youtube wp-block-embed-youtube wp-embed-aspect-16-9 wp-has-aspect-ratio\"><div class=\"wp-block-embed__wrapper\">\n<iframe loading=\"lazy\" title=\"Aus dem ehemaligen Milchhaus wurde eine Wohnung\" width=\"500\" height=\"281\" src=\"https:\/\/www.youtube.com\/embed\/gB9PA3SYu68?feature=oembed\" frameborder=\"0\" allow=\"accelerometer; autoplay; clipboard-write; encrypted-media; gyroscope; picture-in-picture; web-share\" referrerpolicy=\"strict-origin-when-cross-origin\" allowfullscreen><\/iframe>\n<\/div><\/figure>\n\n\n\n<figure class=\"wp-block-embed is-type-video is-provider-youtube wp-block-embed-youtube wp-embed-aspect-4-3 wp-has-aspect-ratio\"><div class=\"wp-block-embed__wrapper\">\n<iframe loading=\"lazy\" title=\"Der Ziegenstall ist jetzt eine Freiluftterrasse.\" width=\"500\" height=\"375\" src=\"https:\/\/www.youtube.com\/embed\/VMEO3FEYwAw?feature=oembed\" frameborder=\"0\" allow=\"accelerometer; autoplay; clipboard-write; encrypted-media; gyroscope; picture-in-picture; web-share\" referrerpolicy=\"strict-origin-when-cross-origin\" allowfullscreen><\/iframe>\n<\/div><\/figure>\n\n\n\n<figure class=\"wp-block-embed is-type-video is-provider-youtube wp-block-embed-youtube wp-embed-aspect-16-9 wp-has-aspect-ratio\"><div class=\"wp-block-embed__wrapper\">\n<iframe loading=\"lazy\" title=\"Aggressiver afrikanisierter Bienenschwarm unter dem Haus. Nun kommt die Feuerwehr.\" width=\"500\" height=\"281\" src=\"https:\/\/www.youtube.com\/embed\/iZvoyt7nmi0?feature=oembed\" frameborder=\"0\" allow=\"accelerometer; autoplay; clipboard-write; encrypted-media; gyroscope; picture-in-picture; web-share\" referrerpolicy=\"strict-origin-when-cross-origin\" allowfullscreen><\/iframe>\n<\/div><\/figure>\n\n\n\n<figure class=\"wp-block-embed is-type-video is-provider-youtube wp-block-embed-youtube wp-embed-aspect-16-9 wp-has-aspect-ratio\"><div class=\"wp-block-embed__wrapper\">\n<iframe loading=\"lazy\" title=\"&quot;Nette&quot; Tiere auf der Finca \ud83d\ude0a\" width=\"500\" height=\"281\" src=\"https:\/\/www.youtube.com\/embed\/pBOLXm5HoNI?feature=oembed\" frameborder=\"0\" allow=\"accelerometer; autoplay; clipboard-write; encrypted-media; gyroscope; picture-in-picture; web-share\" referrerpolicy=\"strict-origin-when-cross-origin\" allowfullscreen><\/iframe>\n<\/div><\/figure>\n\n\n\n<figure class=\"wp-block-embed is-type-video is-provider-youtube wp-block-embed-youtube wp-embed-aspect-16-9 wp-has-aspect-ratio\"><div class=\"wp-block-embed__wrapper\">\n<iframe loading=\"lazy\" title=\"Before and after\" width=\"500\" height=\"281\" src=\"https:\/\/www.youtube.com\/embed\/WTo3hJyPEN0?feature=oembed\" frameborder=\"0\" allow=\"accelerometer; autoplay; clipboard-write; encrypted-media; gyroscope; picture-in-picture; web-share\" referrerpolicy=\"strict-origin-when-cross-origin\" allowfullscreen><\/iframe>\n<\/div><\/figure>\n\n\n\n<figure class=\"wp-block-embed is-type-video is-provider-youtube wp-block-embed-youtube wp-embed-aspect-16-9 wp-has-aspect-ratio\"><div class=\"wp-block-embed__wrapper\">\n<iframe loading=\"lazy\" title=\"Interview mit Rob \ud83c\udfdd\ufe0f\ud83c\uddf5\ud83c\udde6\ud83e\udd73\" width=\"500\" height=\"281\" src=\"https:\/\/www.youtube.com\/embed\/I7qjsWqBzh0?feature=oembed\" frameborder=\"0\" allow=\"accelerometer; autoplay; clipboard-write; encrypted-media; gyroscope; picture-in-picture; web-share\" referrerpolicy=\"strict-origin-when-cross-origin\" allowfullscreen><\/iframe>\n<\/div><\/figure>\n\n\n\n<figure class=\"wp-block-embed is-type-video is-provider-youtube wp-block-embed-youtube wp-embed-aspect-16-9 wp-has-aspect-ratio\"><div class=\"wp-block-embed__wrapper\">\n<iframe loading=\"lazy\" title=\"Der t\u00e4gliche Gang zur &quot;Biotonne&quot; \ud83e\udd73 www.holawa.de\" width=\"500\" height=\"281\" src=\"https:\/\/www.youtube.com\/embed\/CrlrZWLP2bg?feature=oembed\" frameborder=\"0\" allow=\"accelerometer; autoplay; clipboard-write; encrypted-media; gyroscope; picture-in-picture; web-share\" referrerpolicy=\"strict-origin-when-cross-origin\" allowfullscreen><\/iframe>\n<\/div><\/figure>\n\n\n\n<figure class=\"wp-block-embed is-type-video is-provider-youtube wp-block-embed-youtube wp-embed-aspect-16-9 wp-has-aspect-ratio\"><div class=\"wp-block-embed__wrapper\">\n<iframe loading=\"lazy\" title=\"Unsere G\u00e4stewohnung\" width=\"500\" height=\"281\" src=\"https:\/\/www.youtube.com\/embed\/juRVWZwyMz8?feature=oembed\" frameborder=\"0\" allow=\"accelerometer; autoplay; clipboard-write; encrypted-media; gyroscope; picture-in-picture; web-share\" referrerpolicy=\"strict-origin-when-cross-origin\" allowfullscreen><\/iframe>\n<\/div><\/figure>\n\n\n\n<figure class=\"wp-block-embed is-type-video is-provider-youtube wp-block-embed-youtube wp-embed-aspect-16-9 wp-has-aspect-ratio\"><div class=\"wp-block-embed__wrapper\">\n<iframe loading=\"lazy\" title=\"Res\u00fcmee nach 3 Monaten Panama. Er beschreibt es treffend, finde ich. \ud83d\ude09\" width=\"500\" height=\"281\" src=\"https:\/\/www.youtube.com\/embed\/SBiHjBFZbIU?feature=oembed\" frameborder=\"0\" allow=\"accelerometer; autoplay; clipboard-write; encrypted-media; gyroscope; picture-in-picture; web-share\" referrerpolicy=\"strict-origin-when-cross-origin\" allowfullscreen><\/iframe>\n<\/div><\/figure>\n","protected":false},"excerpt":{"rendered":"<p>vom Traum zur Realit\u00e4t Dezember 2023 Wir k\u00f6nnen uns gar nicht sattsehen an der F\u00fclle. Januar 2024 verschiedene M\u00f6beleink\u00e4ufe in [&hellip;]<\/p>\n","protected":false},"author":1,"featured_media":0,"parent":0,"menu_order":0,"comment_status":"closed","ping_status":"closed","template":"","meta":{"site-sidebar-layout":"default","site-content-layout":"","ast-site-content-layout":"default","site-content-style":"default","site-sidebar-style":"default","ast-global-header-display":"","ast-banner-title-visibility":"","ast-main-header-display":"","ast-hfb-above-header-display":"","ast-hfb-below-header-display":"","ast-hfb-mobile-header-display":"","site-post-title":"","ast-breadcrumbs-content":"","ast-featured-img":"","footer-sml-layout":"","ast-disable-related-posts":"","theme-transparent-header-meta":"","adv-header-id-meta":"","stick-header-meta":"","header-above-stick-meta":"","header-main-stick-meta":"","header-below-stick-meta":"","astra-migrate-meta-layouts":"default","ast-page-background-enabled":"default","ast-page-background-meta":{"desktop":{"background-color":"var(--ast-global-color-4)","background-image":"","background-repeat":"repeat","background-position":"center center","background-size":"auto","background-attachment":"scroll","background-type":"","background-media":"","overlay-type":"","overlay-color":"","overlay-opacity":"","overlay-gradient":""},"tablet":{"background-color":"","background-image":"","background-repeat":"repeat","background-position":"center center","background-size":"auto","background-attachment":"scroll","background-type":"","background-media":"","overlay-type":"","overlay-color":"","overlay-opacity":"","overlay-gradient":""},"mobile":{"background-color":"","background-image":"","background-repeat":"repeat","background-position":"center center","background-size":"auto","background-attachment":"scroll","background-type":"","background-media":"","overlay-type":"","overlay-color":"","overlay-opacity":"","overlay-gradient":""}},"ast-content-background-meta":{"desktop":{"background-color":"var(--ast-global-color-5)","background-image":"","background-repeat":"repeat","background-position":"center center","background-size":"auto","background-attachment":"scroll","background-type":"","background-media":"","overlay-type":"","overlay-color":"","overlay-opacity":"","overlay-gradient":""},"tablet":{"background-color":"var(--ast-global-color-5)","background-image":"","background-repeat":"repeat","background-position":"center center","background-size":"auto","background-attachment":"scroll","background-type":"","background-media":"","overlay-type":"","overlay-color":"","overlay-opacity":"","overlay-gradient":""},"mobile":{"background-color":"var(--ast-global-color-5)","background-image":"","background-repeat":"repeat","background-position":"center center","background-size":"auto","background-attachment":"scroll","background-type":"","background-media":"","overlay-type":"","overlay-color":"","overlay-opacity":"","overlay-gradient":""}},"footnotes":""},"class_list":["post-232","page","type-page","status-publish","hentry"],"_links":{"self":[{"href":"https:\/\/holawa.de\/index.php?rest_route=\/wp\/v2\/pages\/232","targetHints":{"allow":["GET"]}}],"collection":[{"href":"https:\/\/holawa.de\/index.php?rest_route=\/wp\/v2\/pages"}],"about":[{"href":"https:\/\/holawa.de\/index.php?rest_route=\/wp\/v2\/types\/page"}],"author":[{"embeddable":true,"href":"https:\/\/holawa.de\/index.php?rest_route=\/wp\/v2\/users\/1"}],"replies":[{"embeddable":true,"href":"https:\/\/holawa.de\/index.php?rest_route=%2Fwp%2Fv2%2Fcomments&post=232"}],"version-history":[{"count":22,"href":"https:\/\/holawa.de\/index.php?rest_route=\/wp\/v2\/pages\/232\/revisions"}],"predecessor-version":[{"id":405,"href":"https:\/\/holawa.de\/index.php?rest_route=\/wp\/v2\/pages\/232\/revisions\/405"}],"wp:attachment":[{"href":"https:\/\/holawa.de\/index.php?rest_route=%2Fwp%2Fv2%2Fmedia&parent=232"}],"curies":[{"name":"wp","href":"https:\/\/api.w.org\/{rel}","templated":true}]}}